{"id":142,"date":"2025-01-15T09:41:44","date_gmt":"2025-01-15T09:41:44","guid":{"rendered":"https:\/\/sartecolore.pnerudacomercio.es\/?page_id=142"},"modified":"2025-03-06T08:12:01","modified_gmt":"2025-03-06T08:12:01","slug":"contactanos","status":"publish","type":"page","link":"https:\/\/sartecolore.pnerudacomercio.es\/?page_id=142","title":{"rendered":"Cont\u00e1ctanos"},"content":{"rendered":"<p><img loading=\"lazy\" decoding=\"async\" class=\"aligncenter wp-image-108 size-large\" src=\"https:\/\/sartecolore.pnerudacomercio.es\/wp-content\/uploads\/2025\/01\/cropped-cropped-1-Patron-grande-e1736933925535-1024x94.png\" alt=\"Cont\u00e1ctanos - Sarte Colore\" width=\"1024\" height=\"94\" srcset=\"https:\/\/sartecolore.pnerudacomercio.es\/wp-content\/uploads\/2025\/01\/cropped-cropped-1-Patron-grande-e1736933925535-1024x94.png 1024w, https:\/\/sartecolore.pnerudacomercio.es\/wp-content\/uploads\/2025\/01\/cropped-cropped-1-Patron-grande-e1736933925535-600x55.png 600w, https:\/\/sartecolore.pnerudacomercio.es\/wp-content\/uploads\/2025\/01\/cropped-cropped-1-Patron-grande-e1736933925535-300x28.png 300w, https:\/\/sartecolore.pnerudacomercio.es\/wp-content\/uploads\/2025\/01\/cropped-cropped-1-Patron-grande-e1736933925535-768x70.png 768w, https:\/\/sartecolore.pnerudacomercio.es\/wp-content\/uploads\/2025\/01\/cropped-cropped-1-Patron-grande-e1736933925535-1536x141.png 1536w, https:\/\/sartecolore.pnerudacomercio.es\/wp-content\/uploads\/2025\/01\/cropped-cropped-1-Patron-grande-e1736933925535.png 1920w\" sizes=\"auto, (max-width: 1024px) 100vw, 1024px\" \/><\/p>\n<h2 style=\"text-align: center;\"><strong><span style=\"color: #ff7f50;\">\u00bfDif\u00edcil Contactar? \u00a1Nosotros lo Hacemos F\u00e1cil!<\/span><\/strong><\/h2>\n<p><span style=\"color: #000000;\"><strong>Sabemos lo frustrante que puede ser querer comunicarte con una empresa y no saber por d\u00f3nde empezar.<\/strong><\/span><\/p>\n<p><span style=\"color: #000000;\">En <em>Sarte Colore<\/em>, entendemos lo valioso que es tu tiempo y lo importante que es poder resolver tus dudas de manera eficiente. Todos en nuestro equipo estamos comprometidos con ofrecerte un servicio excepcional, y queremos que cada contacto contigo sea una experiencia positiva. Sabemos que en ocasiones surgen preguntas o inquietudes sobre nuestros productos y servicios, y nos gustar\u00eda que nunca te sintieras solo en ese proceso.<\/span><\/p>\n<p><span style=\"color: #000000;\">Ya sea que est\u00e9s interesado en nuestros servicios de sastrer\u00eda, modister\u00eda, mercer\u00eda, maquillaje, cursos, pruebas de colorimetr\u00eda, o que simplemente quieras saber m\u00e1s sobre lo que hacemos, en <em>Sarte Colore<\/em> te escuchamos. Estamos siempre dispuestos a ayudarte a resolver cualquier duda que tengas. Sabemos que a veces los detalles marcan la diferencia, y queremos ofrecerte respuestas claras y r\u00e1pidas para que siempre te sientas respaldado en cada paso.<\/span><\/p>\n<p><span style=\"color: #000000;\">Nuestra misi\u00f3n es brindarte un servicio personalizado, adaptado a tus necesidades, y hacer que tu experiencia con nosotros sea lo m\u00e1s satisfactoria posible. No importa si eres un cliente habitual o si es la primera vez que te pones en contacto con nosotros, siempre ser\u00e1s tratado con el respeto y la atenci\u00f3n que mereces. Queremos que conf\u00edes en nosotros y sientas que, al elegir <em>Sarte Colore<\/em>, tomas una decisi\u00f3n acertada.<\/span><\/p>\n<hr \/>\n<p><strong><span style=\"color: #ff7f50;\">Por si necesitas cualquier cosa<\/span><\/strong><span style=\"color: #000000;\">, aqu\u00ed tienes nuestras v\u00edas de comunicaci\u00f3n:<\/span><\/p>\n<p>\ud83d\udce7 <span style=\"color: #000000;\">&#8211; Gmail: <span class=\"OYPEnA font-feature-liga-off font-feature-clig-off font-feature-calt-off text-decoration-none text-strikethrough-none\">sartecolore@gmail.com<\/span><\/span><\/p>\n<p><span style=\"color: #000000;\">\ud83d\udcde &#8211; Numero de tel\u00e9fono taller: <span class=\"OYPEnA font-feature-liga-off font-feature-clig-off font-feature-calt-off text-decoration-none text-strikethrough-none\">915-643-135<\/span><\/span><\/p>\n<p><span style=\"color: #000000;\">\ud83d\udcf1\u200b &#8211; Numero de tel\u00e9fono personal: 321<span class=\"OYPEnA font-feature-liga-off font-feature-clig-off font-feature-calt-off text-decoration-none text-strikethrough-none\">-701-221<\/span><\/span><\/p>\n<hr \/>\n<p>Nuestras <span style=\"color: #ff7f50;\"><strong>redes sociales<\/strong><span style=\"color: #000000;\">.<\/span><\/span><\/p>\n<p><img loading=\"lazy\" decoding=\"async\" class=\"wp-image-359 alignnone\" src=\"https:\/\/sartecolore.pnerudacomercio.es\/wp-content\/uploads\/2025\/01\/Ig.png\" alt=\"\" width=\"27\" height=\"28\" srcset=\"https:\/\/sartecolore.pnerudacomercio.es\/wp-content\/uploads\/2025\/01\/Ig.png 287w, https:\/\/sartecolore.pnerudacomercio.es\/wp-content\/uploads\/2025\/01\/Ig-150x150.png 150w\" sizes=\"auto, (max-width: 27px) 100vw, 27px\" \/> <a href=\"https:\/\/www.instagram.com\/sarte_colore\/\" target=\"_blank\" rel=\"noopener\">Instagram<\/a><\/p>\n<p><img loading=\"lazy\" decoding=\"async\" class=\"wp-image-360 alignnone\" src=\"https:\/\/sartecolore.pnerudacomercio.es\/wp-content\/uploads\/2025\/01\/Pinterest.png\" alt=\"\" width=\"27\" height=\"26\" srcset=\"https:\/\/sartecolore.pnerudacomercio.es\/wp-content\/uploads\/2025\/01\/Pinterest.png 284w, https:\/\/sartecolore.pnerudacomercio.es\/wp-content\/uploads\/2025\/01\/Pinterest-150x150.png 150w\" sizes=\"auto, (max-width: 27px) 100vw, 27px\" \/> <a href=\"https:\/\/es.pinterest.com\/sartecolore\/\" target=\"_blank\" rel=\"noopener\">Pinterest<\/a><\/p>\n<p><img loading=\"lazy\" decoding=\"async\" class=\"wp-image-577 alignnone\" src=\"https:\/\/sartecolore.pnerudacomercio.es\/wp-content\/uploads\/2025\/02\/TikTok-1024x1024.png\" alt=\"TikTok - Sarte Colore\" width=\"25\" height=\"25\" srcset=\"https:\/\/sartecolore.pnerudacomercio.es\/wp-content\/uploads\/2025\/02\/TikTok-1024x1024.png 1024w, https:\/\/sartecolore.pnerudacomercio.es\/wp-content\/uploads\/2025\/02\/TikTok-300x300.png 300w, https:\/\/sartecolore.pnerudacomercio.es\/wp-content\/uploads\/2025\/02\/TikTok-150x150.png 150w, https:\/\/sartecolore.pnerudacomercio.es\/wp-content\/uploads\/2025\/02\/TikTok-600x600.png 600w, https:\/\/sartecolore.pnerudacomercio.es\/wp-content\/uploads\/2025\/02\/TikTok-768x768.png 768w, https:\/\/sartecolore.pnerudacomercio.es\/wp-content\/uploads\/2025\/02\/TikTok-1536x1536.png 1536w, https:\/\/sartecolore.pnerudacomercio.es\/wp-content\/uploads\/2025\/02\/TikTok-2048x2048.png 2048w\" sizes=\"auto, (max-width: 25px) 100vw, 25px\" \/> <a href=\"https:\/\/www.tiktok.com\/@sarte.colore\" target=\"_blank\" rel=\"noopener\">TikTok<\/a><\/p>\n<p><img loading=\"lazy\" decoding=\"async\" class=\"wp-image-576 alignnone\" src=\"https:\/\/sartecolore.pnerudacomercio.es\/wp-content\/uploads\/2025\/02\/Facebook-e1739266473295-1024x1021.png\" alt=\"Facebook - Sarte Colore\" width=\"26\" height=\"26\" srcset=\"https:\/\/sartecolore.pnerudacomercio.es\/wp-content\/uploads\/2025\/02\/Facebook-e1739266473295-1024x1021.png 1024w, https:\/\/sartecolore.pnerudacomercio.es\/wp-content\/uploads\/2025\/02\/Facebook-e1739266473295-300x300.png 300w, https:\/\/sartecolore.pnerudacomercio.es\/wp-content\/uploads\/2025\/02\/Facebook-e1739266473295-150x150.png 150w, https:\/\/sartecolore.pnerudacomercio.es\/wp-content\/uploads\/2025\/02\/Facebook-e1739266473295-600x598.png 600w, https:\/\/sartecolore.pnerudacomercio.es\/wp-content\/uploads\/2025\/02\/Facebook-e1739266473295-768x766.png 768w, https:\/\/sartecolore.pnerudacomercio.es\/wp-content\/uploads\/2025\/02\/Facebook-e1739266473295-1536x1532.png 1536w, https:\/\/sartecolore.pnerudacomercio.es\/wp-content\/uploads\/2025\/02\/Facebook-e1739266473295-2048x2043.png 2048w\" sizes=\"auto, (max-width: 26px) 100vw, 26px\" \/> <a href=\"https:\/\/www.facebook.com\/profile.php?id=61572828132790&amp;sk=about\" target=\"_blank\" rel=\"noopener\">Facebook<\/a><\/p>\n<hr \/>\n<p><span style=\"color: #000000;\">No importa si necesitas informaci\u00f3n detallada, asesoramiento personalizado o simplemente tienes una idea en mente que te gustar\u00eda discutir. Nuestro equipo est\u00e1 siempre dispuesto a escucharte y darte la orientaci\u00f3n necesaria. Sabemos lo valioso que es tu tiempo, por lo que respondemos de forma r\u00e1pida y eficaz.<\/span><\/p>\n<p><span style=\"color: #000000;\">En <em>Sarte Colore<\/em>, entendemos que las relaciones de confianza son fundamentales, y por eso estamos comprometidos con una comunicaci\u00f3n abierta, honesta y cercana. Queremos que sientas que, cuando nos contactas, no solo est\u00e1s resolviendo una consulta, sino tambi\u00e9n formando parte de nuestra familia.<\/span><\/p>\n<p><span style=\"color: #000000;\">Recuerda que siempre estamos aqu\u00ed para ayudarte. Si tienes cualquier duda, sugerencia o simplemente deseas ponerte en contacto con nosotros, <strong>cont\u00e1ctanos<\/strong>. Estamos comprometidos con tu satisfacci\u00f3n, y cada mensaje o llamada que recibimos es una oportunidad para mejorar y seguir creciendo.<\/span><\/p>\n<p><span style=\"color: #000000;\"><strong>Tu confianza es nuestra mayor motivaci\u00f3n.<\/strong> Estamos listos para ofrecerte el mejor servicio. \u00a1Esperamos saber de ti pronto!\ud83e\udde1<\/span><\/p>\n<h2 style=\"text-align: center;\"><em><strong><span style=\"color: #000000;\">Cont\u00e1ctanos &#8211;<\/span> <span style=\"color: #ff7f50;\">Sarte colore<\/span><\/strong><\/em><\/h2>\n<p><img loading=\"lazy\" decoding=\"async\" class=\"aligncenter wp-image-108 size-large\" src=\"https:\/\/sartecolore.pnerudacomercio.es\/wp-content\/uploads\/2025\/01\/cropped-cropped-1-Patron-grande-e1736933925535-1024x94.png\" alt=\"Cont\u00e1ctanos - Sarte Colore\" width=\"1024\" height=\"94\" srcset=\"https:\/\/sartecolore.pnerudacomercio.es\/wp-content\/uploads\/2025\/01\/cropped-cropped-1-Patron-grande-e1736933925535-1024x94.png 1024w, https:\/\/sartecolore.pnerudacomercio.es\/wp-content\/uploads\/2025\/01\/cropped-cropped-1-Patron-grande-e1736933925535-600x55.png 600w, https:\/\/sartecolore.pnerudacomercio.es\/wp-content\/uploads\/2025\/01\/cropped-cropped-1-Patron-grande-e1736933925535-300x28.png 300w, https:\/\/sartecolore.pnerudacomercio.es\/wp-content\/uploads\/2025\/01\/cropped-cropped-1-Patron-grande-e1736933925535-768x70.png 768w, https:\/\/sartecolore.pnerudacomercio.es\/wp-content\/uploads\/2025\/01\/cropped-cropped-1-Patron-grande-e1736933925535-1536x141.png 1536w, https:\/\/sartecolore.pnerudacomercio.es\/wp-content\/uploads\/2025\/01\/cropped-cropped-1-Patron-grande-e1736933925535.png 1920w\" sizes=\"auto, (max-width: 1024px) 100vw, 1024px\" \/><\/p>\n","protected":false},"excerpt":{"rendered":"<p>\u00bfDif\u00edcil Contactar? \u00a1Nosotros lo Hacemos F\u00e1cil! Sabemos lo frustrante que puede ser querer comunicarte con una empresa y no saber por d\u00f3nde empezar. En Sarte Colore, entendemos lo valioso que&hellip;<\/p>\n","protected":false},"author":1,"featured_media":0,"parent":0,"menu_order":0,"comment_status":"closed","ping_status":"closed","template":"","meta":{"footnotes":""},"class_list":["post-142","page","type-page","status-publish","hentry"],"yoast_head":"<!-- This site is optimized with the Yoast SEO plugin v24.2 - https:\/\/yoast.com\/wordpress\/plugins\/seo\/ -->\n<title>Cont\u00e1ctanos - Sarte Colore<\/title>\n<meta name=\"description\" content=\"Si necesitas hacer un pedido de telas, reservar la sesi\u00f3n para hacerte el test de colorimetr\u00eda o comunicarte por alg\u00fan motivo. Cont\u00e1ctanos.\" \/>\n<meta name=\"robots\" content=\"index, follow, max-snippet:-1, max-image-preview:large, max-video-preview:-1\" \/>\n<link rel=\"canonical\" href=\"https:\/\/sartecolore.pnerudacomercio.es\/?page_id=142\" \/>\n<meta property=\"og:locale\" content=\"es_ES\" \/>\n<meta property=\"og:type\" content=\"article\" \/>\n<meta property=\"og:title\" content=\"Cont\u00e1ctanos - Sarte Colore\" \/>\n<meta property=\"og:description\" content=\"Si necesitas hacer un pedido de telas, reservar la sesi\u00f3n para hacerte el test de colorimetr\u00eda o comunicarte por alg\u00fan motivo. Cont\u00e1ctanos.\" \/>\n<meta property=\"og:url\" content=\"https:\/\/sartecolore.pnerudacomercio.es\/?page_id=142\" \/>\n<meta property=\"og:site_name\" content=\"Sarte Colore\" \/>\n<meta property=\"article:modified_time\" content=\"2025-03-06T08:12:01+00:00\" \/>\n<meta property=\"og:image\" content=\"https:\/\/sartecolore.pnerudacomercio.es\/wp-content\/uploads\/2025\/01\/cropped-cropped-1-Patron-grande-e1736933925535.png\" \/>\n\t<meta property=\"og:image:width\" content=\"1920\" \/>\n\t<meta property=\"og:image:height\" content=\"176\" \/>\n\t<meta property=\"og:image:type\" content=\"image\/png\" \/>\n<meta name=\"twitter:card\" content=\"summary_large_image\" \/>\n<meta name=\"twitter:label1\" content=\"Tiempo de lectura\" \/>\n\t<meta name=\"twitter:data1\" content=\"4 minutos\" \/>\n<script type=\"application\/ld+json\" class=\"yoast-schema-graph\">{\"@context\":\"https:\/\/schema.org\",\"@graph\":[{\"@type\":\"WebPage\",\"@id\":\"https:\/\/sartecolore.pnerudacomercio.es\/?page_id=142\",\"url\":\"https:\/\/sartecolore.pnerudacomercio.es\/?page_id=142\",\"name\":\"Cont\u00e1ctanos - Sarte Colore\",\"isPartOf\":{\"@id\":\"https:\/\/sartecolore.pnerudacomercio.es\/#website\"},\"primaryImageOfPage\":{\"@id\":\"https:\/\/sartecolore.pnerudacomercio.es\/?page_id=142#primaryimage\"},\"image\":{\"@id\":\"https:\/\/sartecolore.pnerudacomercio.es\/?page_id=142#primaryimage\"},\"thumbnailUrl\":\"https:\/\/sartecolore.pnerudacomercio.es\/wp-content\/uploads\/2025\/01\/cropped-cropped-1-Patron-grande-e1736933925535-1024x94.png\",\"datePublished\":\"2025-01-15T09:41:44+00:00\",\"dateModified\":\"2025-03-06T08:12:01+00:00\",\"description\":\"Si necesitas hacer un pedido de telas, reservar la sesi\u00f3n para hacerte el test de colorimetr\u00eda o comunicarte por alg\u00fan motivo. Cont\u00e1ctanos.\",\"breadcrumb\":{\"@id\":\"https:\/\/sartecolore.pnerudacomercio.es\/?page_id=142#breadcrumb\"},\"inLanguage\":\"es\",\"potentialAction\":[{\"@type\":\"ReadAction\",\"target\":[\"https:\/\/sartecolore.pnerudacomercio.es\/?page_id=142\"]}]},{\"@type\":\"ImageObject\",\"inLanguage\":\"es\",\"@id\":\"https:\/\/sartecolore.pnerudacomercio.es\/?page_id=142#primaryimage\",\"url\":\"https:\/\/sartecolore.pnerudacomercio.es\/wp-content\/uploads\/2025\/01\/cropped-cropped-1-Patron-grande-e1736933925535.png\",\"contentUrl\":\"https:\/\/sartecolore.pnerudacomercio.es\/wp-content\/uploads\/2025\/01\/cropped-cropped-1-Patron-grande-e1736933925535.png\",\"width\":1920,\"height\":176},{\"@type\":\"BreadcrumbList\",\"@id\":\"https:\/\/sartecolore.pnerudacomercio.es\/?page_id=142#breadcrumb\",\"itemListElement\":[{\"@type\":\"ListItem\",\"position\":1,\"name\":\"Portada\",\"item\":\"https:\/\/sartecolore.pnerudacomercio.es\/\"},{\"@type\":\"ListItem\",\"position\":2,\"name\":\"Cont\u00e1ctanos\"}]},{\"@type\":\"WebSite\",\"@id\":\"https:\/\/sartecolore.pnerudacomercio.es\/#website\",\"url\":\"https:\/\/sartecolore.pnerudacomercio.es\/\",\"name\":\"Sarte Colore\",\"description\":\"Tu proyecto = Nuestro proyecto \",\"publisher\":{\"@id\":\"https:\/\/sartecolore.pnerudacomercio.es\/#organization\"},\"potentialAction\":[{\"@type\":\"SearchAction\",\"target\":{\"@type\":\"EntryPoint\",\"urlTemplate\":\"https:\/\/sartecolore.pnerudacomercio.es\/?s={search_term_string}\"},\"query-input\":{\"@type\":\"PropertyValueSpecification\",\"valueRequired\":true,\"valueName\":\"search_term_string\"}}],\"inLanguage\":\"es\"},{\"@type\":\"Organization\",\"@id\":\"https:\/\/sartecolore.pnerudacomercio.es\/#organization\",\"name\":\"Sarte Colore\",\"url\":\"https:\/\/sartecolore.pnerudacomercio.es\/\",\"logo\":{\"@type\":\"ImageObject\",\"inLanguage\":\"es\",\"@id\":\"https:\/\/sartecolore.pnerudacomercio.es\/#\/schema\/logo\/image\/\",\"url\":\"https:\/\/sartecolore.pnerudacomercio.es\/wp-content\/uploads\/2025\/01\/cropped-logo-largo.png\",\"contentUrl\":\"https:\/\/sartecolore.pnerudacomercio.es\/wp-content\/uploads\/2025\/01\/cropped-logo-largo.png\",\"width\":922,\"height\":270,\"caption\":\"Sarte Colore\"},\"image\":{\"@id\":\"https:\/\/sartecolore.pnerudacomercio.es\/#\/schema\/logo\/image\/\"}}]}<\/script>\n<!-- \/ Yoast SEO plugin. -->","yoast_head_json":{"title":"Cont\u00e1ctanos - Sarte Colore","description":"Si necesitas hacer un pedido de telas, reservar la sesi\u00f3n para hacerte el test de colorimetr\u00eda o comunicarte por alg\u00fan motivo. Cont\u00e1ctanos.","robots":{"index":"index","follow":"follow","max-snippet":"max-snippet:-1","max-image-preview":"max-image-preview:large","max-video-preview":"max-video-preview:-1"},"canonical":"https:\/\/sartecolore.pnerudacomercio.es\/?page_id=142","og_locale":"es_ES","og_type":"article","og_title":"Cont\u00e1ctanos - Sarte Colore","og_description":"Si necesitas hacer un pedido de telas, reservar la sesi\u00f3n para hacerte el test de colorimetr\u00eda o comunicarte por alg\u00fan motivo. Cont\u00e1ctanos.","og_url":"https:\/\/sartecolore.pnerudacomercio.es\/?page_id=142","og_site_name":"Sarte Colore","article_modified_time":"2025-03-06T08:12:01+00:00","og_image":[{"width":1920,"height":176,"url":"https:\/\/sartecolore.pnerudacomercio.es\/wp-content\/uploads\/2025\/01\/cropped-cropped-1-Patron-grande-e1736933925535.png","type":"image\/png"}],"twitter_card":"summary_large_image","twitter_misc":{"Tiempo de lectura":"4 minutos"},"schema":{"@context":"https:\/\/schema.org","@graph":[{"@type":"WebPage","@id":"https:\/\/sartecolore.pnerudacomercio.es\/?page_id=142","url":"https:\/\/sartecolore.pnerudacomercio.es\/?page_id=142","name":"Cont\u00e1ctanos - Sarte Colore","isPartOf":{"@id":"https:\/\/sartecolore.pnerudacomercio.es\/#website"},"primaryImageOfPage":{"@id":"https:\/\/sartecolore.pnerudacomercio.es\/?page_id=142#primaryimage"},"image":{"@id":"https:\/\/sartecolore.pnerudacomercio.es\/?page_id=142#primaryimage"},"thumbnailUrl":"https:\/\/sartecolore.pnerudacomercio.es\/wp-content\/uploads\/2025\/01\/cropped-cropped-1-Patron-grande-e1736933925535-1024x94.png","datePublished":"2025-01-15T09:41:44+00:00","dateModified":"2025-03-06T08:12:01+00:00","description":"Si necesitas hacer un pedido de telas, reservar la sesi\u00f3n para hacerte el test de colorimetr\u00eda o comunicarte por alg\u00fan motivo. Cont\u00e1ctanos.","breadcrumb":{"@id":"https:\/\/sartecolore.pnerudacomercio.es\/?page_id=142#breadcrumb"},"inLanguage":"es","potentialAction":[{"@type":"ReadAction","target":["https:\/\/sartecolore.pnerudacomercio.es\/?page_id=142"]}]},{"@type":"ImageObject","inLanguage":"es","@id":"https:\/\/sartecolore.pnerudacomercio.es\/?page_id=142#primaryimage","url":"https:\/\/sartecolore.pnerudacomercio.es\/wp-content\/uploads\/2025\/01\/cropped-cropped-1-Patron-grande-e1736933925535.png","contentUrl":"https:\/\/sartecolore.pnerudacomercio.es\/wp-content\/uploads\/2025\/01\/cropped-cropped-1-Patron-grande-e1736933925535.png","width":1920,"height":176},{"@type":"BreadcrumbList","@id":"https:\/\/sartecolore.pnerudacomercio.es\/?page_id=142#breadcrumb","itemListElement":[{"@type":"ListItem","position":1,"name":"Portada","item":"https:\/\/sartecolore.pnerudacomercio.es\/"},{"@type":"ListItem","position":2,"name":"Cont\u00e1ctanos"}]},{"@type":"WebSite","@id":"https:\/\/sartecolore.pnerudacomercio.es\/#website","url":"https:\/\/sartecolore.pnerudacomercio.es\/","name":"Sarte Colore","description":"Tu proyecto = Nuestro proyecto ","publisher":{"@id":"https:\/\/sartecolore.pnerudacomercio.es\/#organization"},"potentialAction":[{"@type":"SearchAction","target":{"@type":"EntryPoint","urlTemplate":"https:\/\/sartecolore.pnerudacomercio.es\/?s={search_term_string}"},"query-input":{"@type":"PropertyValueSpecification","valueRequired":true,"valueName":"search_term_string"}}],"inLanguage":"es"},{"@type":"Organization","@id":"https:\/\/sartecolore.pnerudacomercio.es\/#organization","name":"Sarte Colore","url":"https:\/\/sartecolore.pnerudacomercio.es\/","logo":{"@type":"ImageObject","inLanguage":"es","@id":"https:\/\/sartecolore.pnerudacomercio.es\/#\/schema\/logo\/image\/","url":"https:\/\/sartecolore.pnerudacomercio.es\/wp-content\/uploads\/2025\/01\/cropped-logo-largo.png","contentUrl":"https:\/\/sartecolore.pnerudacomercio.es\/wp-content\/uploads\/2025\/01\/cropped-logo-largo.png","width":922,"height":270,"caption":"Sarte Colore"},"image":{"@id":"https:\/\/sartecolore.pnerudacomercio.es\/#\/schema\/logo\/image\/"}}]}},"_links":{"self":[{"href":"https:\/\/sartecolore.pnerudacomercio.es\/index.php?rest_route=\/wp\/v2\/pages\/142","targetHints":{"allow":["GET"]}}],"collection":[{"href":"https:\/\/sartecolore.pnerudacomercio.es\/index.php?rest_route=\/wp\/v2\/pages"}],"about":[{"href":"https:\/\/sartecolore.pnerudacomercio.es\/index.php?rest_route=\/wp\/v2\/types\/page"}],"author":[{"embeddable":true,"href":"https:\/\/sartecolore.pnerudacomercio.es\/index.php?rest_route=\/wp\/v2\/users\/1"}],"replies":[{"embeddable":true,"href":"https:\/\/sartecolore.pnerudacomercio.es\/index.php?rest_route=%2Fwp%2Fv2%2Fcomments&post=142"}],"version-history":[{"count":12,"href":"https:\/\/sartecolore.pnerudacomercio.es\/index.php?rest_route=\/wp\/v2\/pages\/142\/revisions"}],"predecessor-version":[{"id":591,"href":"https:\/\/sartecolore.pnerudacomercio.es\/index.php?rest_route=\/wp\/v2\/pages\/142\/revisions\/591"}],"wp:attachment":[{"href":"https:\/\/sartecolore.pnerudacomercio.es\/index.php?rest_route=%2Fwp%2Fv2%2Fmedia&parent=142"}],"curies":[{"name":"wp","href":"https:\/\/api.w.org\/{rel}","templated":true}]}}