{"id":214,"date":"2025-01-15T15:41:18","date_gmt":"2025-01-15T15:41:18","guid":{"rendered":"https:\/\/sartecolore.pnerudacomercio.es\/?page_id=214"},"modified":"2025-02-11T08:40:07","modified_gmt":"2025-02-11T08:40:07","slug":"somos-de-confianza-vea%f0%9f%a7%b5%f0%9f%94%8d","status":"publish","type":"page","link":"https:\/\/sartecolore.pnerudacomercio.es\/?page_id=214","title":{"rendered":"Somos de confianza, vea \ud83e\uddf6\ud83d\udd0d"},"content":{"rendered":"<p><img loading=\"lazy\" decoding=\"async\" class=\"aligncenter wp-image-98 size-large\" src=\"https:\/\/sartecolore.pnerudacomercio.es\/wp-content\/uploads\/2023\/01\/2-Patron-mediano-e1736767521239-1024x162.png\" alt=\"Somos de confianza - Sarte Colore\" width=\"1024\" height=\"162\" srcset=\"https:\/\/sartecolore.pnerudacomercio.es\/wp-content\/uploads\/2023\/01\/2-Patron-mediano-e1736767521239-1024x162.png 1024w, https:\/\/sartecolore.pnerudacomercio.es\/wp-content\/uploads\/2023\/01\/2-Patron-mediano-e1736767521239-600x95.png 600w, https:\/\/sartecolore.pnerudacomercio.es\/wp-content\/uploads\/2023\/01\/2-Patron-mediano-e1736767521239-300x47.png 300w, https:\/\/sartecolore.pnerudacomercio.es\/wp-content\/uploads\/2023\/01\/2-Patron-mediano-e1736767521239-768x121.png 768w, https:\/\/sartecolore.pnerudacomercio.es\/wp-content\/uploads\/2023\/01\/2-Patron-mediano-e1736767521239.png 1413w\" sizes=\"auto, (max-width: 1024px) 100vw, 1024px\" \/><\/p>\n<h1 style=\"text-align: center;\"><strong><em><span style=\"color: #ffe07f;\">Descubra qui\u00e9nes somos<\/span><\/em><\/strong><\/h1>\n<h2><span style=\"color: #ff7f50;\">Luna Velasco Mart\u00ednez<\/span><\/h2>\n<p><img loading=\"lazy\" decoding=\"async\" class=\"alignright wp-image-573 \" src=\"https:\/\/sartecolore.pnerudacomercio.es\/wp-content\/uploads\/2025\/02\/Foto-CR.jpg\" alt=\"Luna - Sarte Colore\" width=\"223\" height=\"298\" srcset=\"https:\/\/sartecolore.pnerudacomercio.es\/wp-content\/uploads\/2025\/02\/Foto-CR.jpg 1536w, https:\/\/sartecolore.pnerudacomercio.es\/wp-content\/uploads\/2025\/02\/Foto-CR-600x800.jpg 600w, https:\/\/sartecolore.pnerudacomercio.es\/wp-content\/uploads\/2025\/02\/Foto-CR-225x300.jpg 225w, https:\/\/sartecolore.pnerudacomercio.es\/wp-content\/uploads\/2025\/02\/Foto-CR-768x1024.jpg 768w, https:\/\/sartecolore.pnerudacomercio.es\/wp-content\/uploads\/2025\/02\/Foto-CR-1152x1536.jpg 1152w\" sizes=\"auto, (max-width: 223px) 100vw, 223px\" \/><span style=\"color: #000000;\"><strong> Holaa<\/strong>, esto es una peque\u00f1a parte de quien soy.<\/span><\/p>\n<p><span style=\"color: #000000;\">Tengo experiencia previa en el trabajo profesional entre cliente y trabajador, ya que desde los 16 llevo trabajando en diferentes sectores, en un sitio y en otro, esto me a permitido desarrollar unas excelentes habilidades sociales y una gran capacidad para resolver problemas de manera efectiva y gratificante para los dos lados.<\/span><\/p>\n<p><span style=\"color: #000000;\">Soy una persona organizada y con experiencia en la coordinaci\u00f3n de actividades, tiempos y equipos de trabajo. Tambi\u00e9n he manejado papeleo y me siento c\u00f3moda con la planificaci\u00f3n. Contribuyendo esto en un optimo trabajo en el taller y con quien haga uso de los servicios, asimismo de garantizar un compromiso con los tiempos de entrega.<\/span><\/p>\n<p><span style=\"color: #000000;\">Adem\u00e1s, tengo un lado creativo que me encanta poner en practica. Me apasiona la maquetaci\u00f3n y el dise\u00f1o de documentos, as\u00ed que me comprometo con entusiasmo a encargarme de la creaci\u00f3n de contenidos para el blog, la gesti\u00f3n de la p\u00e1gina web y la publicaci\u00f3n de fotos e informaci\u00f3n sobre las novedades del taller, algunos de nuestros arreglos, un poco de todo, pero siempre interesante.<\/span><\/p>\n<h4><span style=\"color: #000000;\">Experiencia profesional:<\/span><\/h4>\n<p><span style=\"color: #000000;\">Para complementar mi experiencia, estudie un FP de Actividades Comerciales siendo ahora T\u00e9cnica en Actividades Comerciales, donde adquir\u00ed conocimientos claves sobre organizaci\u00f3n de espacios comerciales, gesti\u00f3n de una p\u00e1gina web. Tambi\u00e9n me saque un curso de costura, adem\u00e1s de llevar 5 a\u00f1os en la asociaci\u00f3n \u00abLos que faltaban\u00bb en donde contribuyo a la confecci\u00f3n de los disfraces usados en el desfile de carnaval que se hacen todos los a\u00f1os. Por ultimo, pero no menos importante, llevo toda mi vida ayudando a mi abuela y a mi t\u00eda en sus proyectos de costura o en los arreglos que tuvieran que hacen en las prendas.<\/span><\/p>\n<p><span style=\"color: #000000;\">Todo esto me a permitido consolidar las herramientas necesarias para ser alguien de confianza en este taller. \u00a1Ser\u00e1 un placer trabajar juntos! \u2605\u02da \u22c5<\/span><\/p>\n<hr \/>\n<h2><span style=\"color: #ff7f50;\">Mireia Torres Ballesteros<\/span><\/h2>\n<p><span style=\"color: #000000;\"><img loading=\"lazy\" decoding=\"async\" class=\"wp-image-189 alignright\" src=\"https:\/\/sartecolore.pnerudacomercio.es\/wp-content\/uploads\/2025\/01\/WhatsApp-Image-2025-01-15-at-15.40.58-768x1024.jpeg\" alt=\"Mireia Sarte Colore\" width=\"202\" height=\"269\" srcset=\"https:\/\/sartecolore.pnerudacomercio.es\/wp-content\/uploads\/2025\/01\/WhatsApp-Image-2025-01-15-at-15.40.58-768x1024.jpeg 768w, https:\/\/sartecolore.pnerudacomercio.es\/wp-content\/uploads\/2025\/01\/WhatsApp-Image-2025-01-15-at-15.40.58-scaled-600x800.jpeg 600w, https:\/\/sartecolore.pnerudacomercio.es\/wp-content\/uploads\/2025\/01\/WhatsApp-Image-2025-01-15-at-15.40.58-225x300.jpeg 225w, https:\/\/sartecolore.pnerudacomercio.es\/wp-content\/uploads\/2025\/01\/WhatsApp-Image-2025-01-15-at-15.40.58-1152x1536.jpeg 1152w, https:\/\/sartecolore.pnerudacomercio.es\/wp-content\/uploads\/2025\/01\/WhatsApp-Image-2025-01-15-at-15.40.58-1536x2048.jpeg 1536w, https:\/\/sartecolore.pnerudacomercio.es\/wp-content\/uploads\/2025\/01\/WhatsApp-Image-2025-01-15-at-15.40.58-scaled.jpeg 1920w\" sizes=\"auto, (max-width: 202px) 100vw, 202px\" \/><\/span><\/p>\n<p><span style=\"color: #000000;\">Soy una persona proactiva, vers\u00e1til y comprometida, con habilidades destacadas en resoluci\u00f3n de problemas, creatividad y constancia. A lo largo de mi carrera, he tenido la oportunidad de trabajar en diversos entornos laborales, como el sector educativo, la gesti\u00f3n de grupos de menores y actividades comerciales. Esto me ha permitido adaptarme r\u00e1pidamente a diferentes funciones, trabajar eficazmente en equipo y proponer soluciones innovadoras.<\/span><\/p>\n<p><span style=\"color: #000000;\">Adem\u00e1s, tengo un profundo conocimiento y pasi\u00f3n por la moda y el maquillaje, lo que me permite asesorar a mis clientes y aportar un valor a\u00f1adido en \u00e1reas relacionadas con la imagen personal y est\u00e9tica. Esta pasi\u00f3n por el mundo de la moda y el maquillaje me convierte en una excelente fuente de ideas y recursos para potenciar la experiencia de cada cliente y optimizar los servicios que ofrezco.<\/span><\/p>\n<h4><span style=\"color: #000000;\">Experiencia profesional:<\/span><\/h4>\n<p><span style=\"color: #000000;\">Mi experiencia y formaci\u00f3n me permiten tener confianza en mi y abordar cualquier tarea con responsabilidad y dinamismo, transformando desaf\u00edos en oportunidades para optimizar procesos, mejorar el uso de recursos y fomentar un ambiente colaborativo.<\/span><\/p>\n<p><span style=\"color: #000000;\">Estoy completamente comprometida a aportar un enfoque orientado a resultados, garantizando mi esfuerzo y dedicaci\u00f3n para alcanzar los objetivos de la empresa de manera eficiente. \u0993\u2727\u22c5\u02da<\/span><\/p>\n<hr \/>\n<h2><span style=\"color: #ff7f50;\">Claudia Esteban Valdivieso<\/span><\/h2>\n<p><span style=\"color: #000000;\"><img loading=\"lazy\" decoding=\"async\" class=\"wp-image-254 alignright\" src=\"https:\/\/sartecolore.pnerudacomercio.es\/wp-content\/uploads\/2025\/01\/IMG_7515-576x1024.jpeg\" alt=\"claudia\" width=\"166\" height=\"295\" srcset=\"https:\/\/sartecolore.pnerudacomercio.es\/wp-content\/uploads\/2025\/01\/IMG_7515-576x1024.jpeg 576w, https:\/\/sartecolore.pnerudacomercio.es\/wp-content\/uploads\/2025\/01\/IMG_7515-600x1067.jpeg 600w, https:\/\/sartecolore.pnerudacomercio.es\/wp-content\/uploads\/2025\/01\/IMG_7515-169x300.jpeg 169w, https:\/\/sartecolore.pnerudacomercio.es\/wp-content\/uploads\/2025\/01\/IMG_7515-768x1365.jpeg 768w, https:\/\/sartecolore.pnerudacomercio.es\/wp-content\/uploads\/2025\/01\/IMG_7515-864x1536.jpeg 864w, https:\/\/sartecolore.pnerudacomercio.es\/wp-content\/uploads\/2025\/01\/IMG_7515.jpeg 1080w\" sizes=\"auto, (max-width: 166px) 100vw, 166px\" \/><\/span><\/p>\n<p><span style=\"color: #000000;\">Soy una persona de confianza, creativa y paciente, cualidades que considero esenciales para realizar arreglos de ropa personalizados y para poder comunicarme eficazmente con cada uno de mis clientes. Desde peque\u00f1a, la moda y la decoraci\u00f3n han sido una verdadera pasi\u00f3n para m\u00ed, lo que me ha permitido entender y aplicar detalles que reflejan el gusto y estilo personal de cada cliente en los arreglos que realizo. Mi actitud siempre es sonriente y amable, ya que creo que esto es fundamental para ofrecer una atenci\u00f3n excepcional y generar un ambiente c\u00f3modo para todos.<\/span><\/p>\n<p><span style=\"color: #000000;\">Me considero organizada, puntual y comprometida, cualidades que se reflejan tanto en la imagen de mi zona de trabajo como en mi capacidad para mantener un ambiente positivo y productivo dentro del taller. Tengo un enfoque proactivo para resolver cualquier desaf\u00edo que surja, buscando siempre soluciones eficaces y \u00e1giles para asegurar que cada proceso se lleve a cabo de la mejor manera. Mi motivaci\u00f3n y esfuerzo constante me impulsan a dar lo mejor de m\u00ed en cada tarea, porque valoro profundamente el aprendizaje y la experiencia laboral como herramientas fundamentales para crecer y mejorar en lo que hago.<\/span><\/p>\n<h4><span style=\"color: #000000;\">Experiencia profesional:<\/span><\/h4>\n<p><span style=\"color: #000000;\">Actualmente, he cursado un FP de Actividades Comerciales siendo ahora T\u00e9cnica en Actividades Comerciales, lo que me ha proporcionado una formaci\u00f3n s\u00f3lida en atenci\u00f3n al cliente y en la creaci\u00f3n de publicidades efectivas que no solo atraen a m\u00e1s clientes, sino que tambi\u00e9n contribuyen al \u00e9xito, confianza y crecimiento de la empresa. Mi objetivo es seguir aprendiendo y aplicar todo lo que s\u00e9 para ofrecer siempre el mejor servicio posible y, sobre todo, para asegurarme de que cada cliente quede completamente satisfecho con su experiencia. \u22c5\u02da\u208a\u2027 \u0b68\u0b67 \u2027\u208a\u02da\u22c5<\/span><\/p>\n<p>&nbsp;<\/p>\n<p><a href=\"https:\/\/www.tiktok.com\/@anaonnaintyy\/video\/7252079482826198278?_t=ZG-8t5b4aEvUAb&amp;_r=1\" target=\"_blank\" rel=\"noopener\">Nuestra frase favorita junto a nuestra vocaci\u00f3n<\/a> \ud83e\udde1<\/p>\n<p><img loading=\"lazy\" decoding=\"async\" class=\"aligncenter wp-image-98 size-large\" src=\"https:\/\/sartecolore.pnerudacomercio.es\/wp-content\/uploads\/2023\/01\/2-Patron-mediano-e1736767521239-1024x162.png\" alt=\"Somos de confianza - Sarte Colore\" width=\"1024\" height=\"162\" srcset=\"https:\/\/sartecolore.pnerudacomercio.es\/wp-content\/uploads\/2023\/01\/2-Patron-mediano-e1736767521239-1024x162.png 1024w, https:\/\/sartecolore.pnerudacomercio.es\/wp-content\/uploads\/2023\/01\/2-Patron-mediano-e1736767521239-600x95.png 600w, https:\/\/sartecolore.pnerudacomercio.es\/wp-content\/uploads\/2023\/01\/2-Patron-mediano-e1736767521239-300x47.png 300w, https:\/\/sartecolore.pnerudacomercio.es\/wp-content\/uploads\/2023\/01\/2-Patron-mediano-e1736767521239-768x121.png 768w, https:\/\/sartecolore.pnerudacomercio.es\/wp-content\/uploads\/2023\/01\/2-Patron-mediano-e1736767521239.png 1413w\" sizes=\"auto, (max-width: 1024px) 100vw, 1024px\" \/><\/p>\n","protected":false},"excerpt":{"rendered":"<p>Descubra qui\u00e9nes somos Luna Velasco Mart\u00ednez Holaa, esto es una peque\u00f1a parte de quien soy. Tengo experiencia previa en el trabajo profesional entre cliente y trabajador, ya que desde los&hellip;<\/p>\n","protected":false},"author":1,"featured_media":0,"parent":0,"menu_order":0,"comment_status":"closed","ping_status":"closed","template":"","meta":{"footnotes":""},"class_list":["post-214","page","type-page","status-publish","hentry"],"yoast_head":"<!-- This site is optimized with the Yoast SEO plugin v24.2 - https:\/\/yoast.com\/wordpress\/plugins\/seo\/ -->\n<title>Somos de confianza, vea \ud83e\uddf6\ud83d\udd0d - Sarte Colore<\/title>\n<meta name=\"description\" content=\"No solo somos Sarte Colore, somos personas y no solo simp\u00e1ticas, sino buenas en lo nuestro, ofrecemos calidad. Somos de confianza, con\u00f3cenos.\" \/>\n<meta name=\"robots\" content=\"index, follow, max-snippet:-1, max-image-preview:large, max-video-preview:-1\" \/>\n<link rel=\"canonical\" href=\"https:\/\/sartecolore.pnerudacomercio.es\/?page_id=214\" \/>\n<meta property=\"og:locale\" content=\"es_ES\" \/>\n<meta property=\"og:type\" content=\"article\" \/>\n<meta property=\"og:title\" content=\"Somos de confianza, vea \ud83e\uddf6\ud83d\udd0d - Sarte Colore\" \/>\n<meta property=\"og:description\" content=\"No solo somos Sarte Colore, somos personas y no solo simp\u00e1ticas, sino buenas en lo nuestro, ofrecemos calidad. Somos de confianza, con\u00f3cenos.\" \/>\n<meta property=\"og:url\" content=\"https:\/\/sartecolore.pnerudacomercio.es\/?page_id=214\" \/>\n<meta property=\"og:site_name\" content=\"Sarte Colore\" \/>\n<meta property=\"article:modified_time\" content=\"2025-02-11T08:40:07+00:00\" \/>\n<meta property=\"og:image\" content=\"https:\/\/sartecolore.pnerudacomercio.es\/wp-content\/uploads\/2023\/01\/2-Patron-mediano-e1736767521239.png\" \/>\n\t<meta property=\"og:image:width\" content=\"1413\" \/>\n\t<meta property=\"og:image:height\" content=\"223\" \/>\n\t<meta property=\"og:image:type\" content=\"image\/png\" \/>\n<meta name=\"twitter:card\" content=\"summary_large_image\" \/>\n<meta name=\"twitter:label1\" content=\"Tiempo de lectura\" \/>\n\t<meta name=\"twitter:data1\" content=\"5 minutos\" \/>\n<script type=\"application\/ld+json\" class=\"yoast-schema-graph\">{\"@context\":\"https:\/\/schema.org\",\"@graph\":[{\"@type\":\"WebPage\",\"@id\":\"https:\/\/sartecolore.pnerudacomercio.es\/?page_id=214\",\"url\":\"https:\/\/sartecolore.pnerudacomercio.es\/?page_id=214\",\"name\":\"Somos de confianza, vea \ud83e\uddf6\ud83d\udd0d - Sarte Colore\",\"isPartOf\":{\"@id\":\"https:\/\/sartecolore.pnerudacomercio.es\/#website\"},\"primaryImageOfPage\":{\"@id\":\"https:\/\/sartecolore.pnerudacomercio.es\/?page_id=214#primaryimage\"},\"image\":{\"@id\":\"https:\/\/sartecolore.pnerudacomercio.es\/?page_id=214#primaryimage\"},\"thumbnailUrl\":\"https:\/\/sartecolore.pnerudacomercio.es\/wp-content\/uploads\/2023\/01\/2-Patron-mediano-e1736767521239-1024x162.png\",\"datePublished\":\"2025-01-15T15:41:18+00:00\",\"dateModified\":\"2025-02-11T08:40:07+00:00\",\"description\":\"No solo somos Sarte Colore, somos personas y no solo simp\u00e1ticas, sino buenas en lo nuestro, ofrecemos calidad. Somos de confianza, con\u00f3cenos.\",\"breadcrumb\":{\"@id\":\"https:\/\/sartecolore.pnerudacomercio.es\/?page_id=214#breadcrumb\"},\"inLanguage\":\"es\",\"potentialAction\":[{\"@type\":\"ReadAction\",\"target\":[\"https:\/\/sartecolore.pnerudacomercio.es\/?page_id=214\"]}]},{\"@type\":\"ImageObject\",\"inLanguage\":\"es\",\"@id\":\"https:\/\/sartecolore.pnerudacomercio.es\/?page_id=214#primaryimage\",\"url\":\"https:\/\/sartecolore.pnerudacomercio.es\/wp-content\/uploads\/2023\/01\/2-Patron-mediano-e1736767521239.png\",\"contentUrl\":\"https:\/\/sartecolore.pnerudacomercio.es\/wp-content\/uploads\/2023\/01\/2-Patron-mediano-e1736767521239.png\",\"width\":1413,\"height\":223,\"caption\":\"Sarte Colore.\"},{\"@type\":\"BreadcrumbList\",\"@id\":\"https:\/\/sartecolore.pnerudacomercio.es\/?page_id=214#breadcrumb\",\"itemListElement\":[{\"@type\":\"ListItem\",\"position\":1,\"name\":\"Portada\",\"item\":\"https:\/\/sartecolore.pnerudacomercio.es\/\"},{\"@type\":\"ListItem\",\"position\":2,\"name\":\"Somos de confianza, vea \ud83e\uddf6\ud83d\udd0d\"}]},{\"@type\":\"WebSite\",\"@id\":\"https:\/\/sartecolore.pnerudacomercio.es\/#website\",\"url\":\"https:\/\/sartecolore.pnerudacomercio.es\/\",\"name\":\"Sarte Colore\",\"description\":\"Tu proyecto = Nuestro proyecto \",\"publisher\":{\"@id\":\"https:\/\/sartecolore.pnerudacomercio.es\/#organization\"},\"potentialAction\":[{\"@type\":\"SearchAction\",\"target\":{\"@type\":\"EntryPoint\",\"urlTemplate\":\"https:\/\/sartecolore.pnerudacomercio.es\/?s={search_term_string}\"},\"query-input\":{\"@type\":\"PropertyValueSpecification\",\"valueRequired\":true,\"valueName\":\"search_term_string\"}}],\"inLanguage\":\"es\"},{\"@type\":\"Organization\",\"@id\":\"https:\/\/sartecolore.pnerudacomercio.es\/#organization\",\"name\":\"Sarte Colore\",\"url\":\"https:\/\/sartecolore.pnerudacomercio.es\/\",\"logo\":{\"@type\":\"ImageObject\",\"inLanguage\":\"es\",\"@id\":\"https:\/\/sartecolore.pnerudacomercio.es\/#\/schema\/logo\/image\/\",\"url\":\"https:\/\/sartecolore.pnerudacomercio.es\/wp-content\/uploads\/2025\/01\/cropped-logo-largo.png\",\"contentUrl\":\"https:\/\/sartecolore.pnerudacomercio.es\/wp-content\/uploads\/2025\/01\/cropped-logo-largo.png\",\"width\":922,\"height\":270,\"caption\":\"Sarte Colore\"},\"image\":{\"@id\":\"https:\/\/sartecolore.pnerudacomercio.es\/#\/schema\/logo\/image\/\"}}]}<\/script>\n<!-- \/ Yoast SEO plugin. -->","yoast_head_json":{"title":"Somos de confianza, vea \ud83e\uddf6\ud83d\udd0d - Sarte Colore","description":"No solo somos Sarte Colore, somos personas y no solo simp\u00e1ticas, sino buenas en lo nuestro, ofrecemos calidad. Somos de confianza, con\u00f3cenos.","robots":{"index":"index","follow":"follow","max-snippet":"max-snippet:-1","max-image-preview":"max-image-preview:large","max-video-preview":"max-video-preview:-1"},"canonical":"https:\/\/sartecolore.pnerudacomercio.es\/?page_id=214","og_locale":"es_ES","og_type":"article","og_title":"Somos de confianza, vea \ud83e\uddf6\ud83d\udd0d - Sarte Colore","og_description":"No solo somos Sarte Colore, somos personas y no solo simp\u00e1ticas, sino buenas en lo nuestro, ofrecemos calidad. Somos de confianza, con\u00f3cenos.","og_url":"https:\/\/sartecolore.pnerudacomercio.es\/?page_id=214","og_site_name":"Sarte Colore","article_modified_time":"2025-02-11T08:40:07+00:00","og_image":[{"width":1413,"height":223,"url":"https:\/\/sartecolore.pnerudacomercio.es\/wp-content\/uploads\/2023\/01\/2-Patron-mediano-e1736767521239.png","type":"image\/png"}],"twitter_card":"summary_large_image","twitter_misc":{"Tiempo de lectura":"5 minutos"},"schema":{"@context":"https:\/\/schema.org","@graph":[{"@type":"WebPage","@id":"https:\/\/sartecolore.pnerudacomercio.es\/?page_id=214","url":"https:\/\/sartecolore.pnerudacomercio.es\/?page_id=214","name":"Somos de confianza, vea \ud83e\uddf6\ud83d\udd0d - Sarte Colore","isPartOf":{"@id":"https:\/\/sartecolore.pnerudacomercio.es\/#website"},"primaryImageOfPage":{"@id":"https:\/\/sartecolore.pnerudacomercio.es\/?page_id=214#primaryimage"},"image":{"@id":"https:\/\/sartecolore.pnerudacomercio.es\/?page_id=214#primaryimage"},"thumbnailUrl":"https:\/\/sartecolore.pnerudacomercio.es\/wp-content\/uploads\/2023\/01\/2-Patron-mediano-e1736767521239-1024x162.png","datePublished":"2025-01-15T15:41:18+00:00","dateModified":"2025-02-11T08:40:07+00:00","description":"No solo somos Sarte Colore, somos personas y no solo simp\u00e1ticas, sino buenas en lo nuestro, ofrecemos calidad. Somos de confianza, con\u00f3cenos.","breadcrumb":{"@id":"https:\/\/sartecolore.pnerudacomercio.es\/?page_id=214#breadcrumb"},"inLanguage":"es","potentialAction":[{"@type":"ReadAction","target":["https:\/\/sartecolore.pnerudacomercio.es\/?page_id=214"]}]},{"@type":"ImageObject","inLanguage":"es","@id":"https:\/\/sartecolore.pnerudacomercio.es\/?page_id=214#primaryimage","url":"https:\/\/sartecolore.pnerudacomercio.es\/wp-content\/uploads\/2023\/01\/2-Patron-mediano-e1736767521239.png","contentUrl":"https:\/\/sartecolore.pnerudacomercio.es\/wp-content\/uploads\/2023\/01\/2-Patron-mediano-e1736767521239.png","width":1413,"height":223,"caption":"Sarte Colore."},{"@type":"BreadcrumbList","@id":"https:\/\/sartecolore.pnerudacomercio.es\/?page_id=214#breadcrumb","itemListElement":[{"@type":"ListItem","position":1,"name":"Portada","item":"https:\/\/sartecolore.pnerudacomercio.es\/"},{"@type":"ListItem","position":2,"name":"Somos de confianza, vea \ud83e\uddf6\ud83d\udd0d"}]},{"@type":"WebSite","@id":"https:\/\/sartecolore.pnerudacomercio.es\/#website","url":"https:\/\/sartecolore.pnerudacomercio.es\/","name":"Sarte Colore","description":"Tu proyecto = Nuestro proyecto ","publisher":{"@id":"https:\/\/sartecolore.pnerudacomercio.es\/#organization"},"potentialAction":[{"@type":"SearchAction","target":{"@type":"EntryPoint","urlTemplate":"https:\/\/sartecolore.pnerudacomercio.es\/?s={search_term_string}"},"query-input":{"@type":"PropertyValueSpecification","valueRequired":true,"valueName":"search_term_string"}}],"inLanguage":"es"},{"@type":"Organization","@id":"https:\/\/sartecolore.pnerudacomercio.es\/#organization","name":"Sarte Colore","url":"https:\/\/sartecolore.pnerudacomercio.es\/","logo":{"@type":"ImageObject","inLanguage":"es","@id":"https:\/\/sartecolore.pnerudacomercio.es\/#\/schema\/logo\/image\/","url":"https:\/\/sartecolore.pnerudacomercio.es\/wp-content\/uploads\/2025\/01\/cropped-logo-largo.png","contentUrl":"https:\/\/sartecolore.pnerudacomercio.es\/wp-content\/uploads\/2025\/01\/cropped-logo-largo.png","width":922,"height":270,"caption":"Sarte Colore"},"image":{"@id":"https:\/\/sartecolore.pnerudacomercio.es\/#\/schema\/logo\/image\/"}}]}},"_links":{"self":[{"href":"https:\/\/sartecolore.pnerudacomercio.es\/index.php?rest_route=\/wp\/v2\/pages\/214","targetHints":{"allow":["GET"]}}],"collection":[{"href":"https:\/\/sartecolore.pnerudacomercio.es\/index.php?rest_route=\/wp\/v2\/pages"}],"about":[{"href":"https:\/\/sartecolore.pnerudacomercio.es\/index.php?rest_route=\/wp\/v2\/types\/page"}],"author":[{"embeddable":true,"href":"https:\/\/sartecolore.pnerudacomercio.es\/index.php?rest_route=\/wp\/v2\/users\/1"}],"replies":[{"embeddable":true,"href":"https:\/\/sartecolore.pnerudacomercio.es\/index.php?rest_route=%2Fwp%2Fv2%2Fcomments&post=214"}],"version-history":[{"count":30,"href":"https:\/\/sartecolore.pnerudacomercio.es\/index.php?rest_route=\/wp\/v2\/pages\/214\/revisions"}],"predecessor-version":[{"id":575,"href":"https:\/\/sartecolore.pnerudacomercio.es\/index.php?rest_route=\/wp\/v2\/pages\/214\/revisions\/575"}],"wp:attachment":[{"href":"https:\/\/sartecolore.pnerudacomercio.es\/index.php?rest_route=%2Fwp%2Fv2%2Fmedia&parent=214"}],"curies":[{"name":"wp","href":"https:\/\/api.w.org\/{rel}","templated":true}]}}