{"id":34,"date":"2025-01-10T11:45:28","date_gmt":"2025-01-10T11:45:28","guid":{"rendered":"https:\/\/sartecolore.pnerudacomercio.es\/?page_id=34"},"modified":"2025-01-19T16:22:49","modified_gmt":"2025-01-19T16:22:49","slug":"nuestra-historia-de-costura","status":"publish","type":"page","link":"https:\/\/sartecolore.pnerudacomercio.es\/?page_id=34","title":{"rendered":"Nuestra historia de costura."},"content":{"rendered":"<h2 style=\"padding-left: 40px;\"><img loading=\"lazy\" decoding=\"async\" class=\"alignright wp-image-67\" title=\"Nuestra imagen de costura\" src=\"https:\/\/sartecolore.pnerudacomercio.es\/wp-content\/uploads\/2025\/01\/WhatsApp-Image-2025-01-09-at-14.25.47-1-300x300.jpeg\" alt=\"Nuestra historia de costura\" width=\"150\" height=\"150\" srcset=\"https:\/\/sartecolore.pnerudacomercio.es\/wp-content\/uploads\/2025\/01\/WhatsApp-Image-2025-01-09-at-14.25.47-1-300x300.jpeg 300w, https:\/\/sartecolore.pnerudacomercio.es\/wp-content\/uploads\/2025\/01\/WhatsApp-Image-2025-01-09-at-14.25.47-1-150x150.jpeg 150w, https:\/\/sartecolore.pnerudacomercio.es\/wp-content\/uploads\/2025\/01\/WhatsApp-Image-2025-01-09-at-14.25.47-1-600x600.jpeg 600w, https:\/\/sartecolore.pnerudacomercio.es\/wp-content\/uploads\/2025\/01\/WhatsApp-Image-2025-01-09-at-14.25.47-1-768x768.jpeg 768w, https:\/\/sartecolore.pnerudacomercio.es\/wp-content\/uploads\/2025\/01\/WhatsApp-Image-2025-01-09-at-14.25.47-1-800x800.jpeg 800w, https:\/\/sartecolore.pnerudacomercio.es\/wp-content\/uploads\/2025\/01\/WhatsApp-Image-2025-01-09-at-14.25.47-1-400x400.jpeg 400w, https:\/\/sartecolore.pnerudacomercio.es\/wp-content\/uploads\/2025\/01\/WhatsApp-Image-2025-01-09-at-14.25.47-1.jpeg 1024w\" sizes=\"auto, (max-width: 150px) 100vw, 150px\" \/><\/h2>\n<h2><strong><span style=\"color: #ff7f50;\">\u00bfC\u00f3mo surgi\u00f3 la idea?<\/span><\/strong><\/h2>\n<p><span style=\"color: #000000;\">Cuando era ni\u00f1a, pasaba horas en la casa de mi abuela, rodeada de hilos de colores, agujas y telas suaves. El sonido de su m\u00e1quina de coser se convert\u00eda en una melod\u00eda que acompa\u00f1aba nuestras largas conversaciones. Mi abuela ten\u00eda el don de transformar simples fragmentos de tela en prendas llenas de amor y dedicaci\u00f3n. Cada vestido, cada abrigo que me hac\u00eda, no era solo ropa; Era una extensi\u00f3n de su creatividad, de su habilidad para encontrar soluciones en cada puntada. Recuerdo c\u00f3mo me med\u00eda con una cinta gastada, ajustando cada detalle con una precisi\u00f3n que solo un sastre dedicado podr\u00eda tener, hasta que la prenda qued\u00f3 perfecta y llena de su esencia hogare\u00f1a. Esto solo fue el inicio de nuestra historia en la costura, ya que&#8230;<\/span><\/p>\n<h3><span style=\"color: #ff7f50;\"><strong>Con el tiempo<\/strong><\/span><\/h3>\n<p><span style=\"color: #000000;\">Este arte fue perdiendo su lugar para muchos. La gente dej\u00f3 de valorar el proceso de crear algo desde cero, de elegir las telas con amor, de coser con paciencia. Pero yo nunca lo olvid\u00e9. Cuando mi abuela ya no estuvo, comprend\u00ed que m\u00e1s all\u00e1 de las prendas que me dej\u00f3, el verdadero regalo fue el legado de la costura: el cuidado de cada detalle con amor y dedicaci\u00f3n. Por eso, decid\u00ed abrir mi propio negocio de mercader\u00eda y modista. Sab\u00eda que no quer\u00eda hacerlo sola, as\u00ed que me un\u00ed a mis dos amigas de toda la vida. Ellas aportaron tanto como yo, con su creatividad y dedicaci\u00f3n. Juntas, sab\u00edamos que podr\u00edamos hacer la diferencia, mostrando lo que es el amor por la reparaci\u00f3n y ayudar con el conocimiento.<\/span><\/p>\n<p><span style=\"color: #000000;\">Este no es solo un negocio de ropa; es un espacio donde las personas pueden redescubrir lo que mi abuela me ense\u00f1\u00f3. Aqu\u00ed, ofrecemos no solo telas de calidad y la dedicaci\u00f3n en los arreglos en ropa, sino tambi\u00e9n cursos para quienes no saben coser, porque creemos que todo el mundo merece sentir el placer de crear algo con sus propias manos. Queremos ser un puente entre el pasado y el presente, para que nadie olvide lo que se siente cuando alguien dedica su tiempo y cari\u00f1o a coser algo especial.<\/span><\/p>\n<h3><span style=\"color: #ff7f50;\"><strong>No solo somos un taller<\/strong><\/span><\/h3>\n<p><span style=\"color: #000000;\">Vendemos m\u00e1s que telas y reparaciones. Vendemos oportunidades para crear, momentos para recordar y la posibilidad de experimentar lo que es coser con amor. Porque, como mi abuela, creemos que cada puntada lleva consigo una historia, un toque de creatividad y un pedacito del coraz\u00f3n.<\/span><\/p>\n<p><span style=\"color: #000000;\">Una prenda es tu esencia, sin ella te sientes desprotegido, la ropa que usamos y c\u00f3mo decidimos usarla, es nuestra historia, nuestra forma de transmitir, de hacernos notar, de reivindicar, nuestro hogar. Mi abuela me dio la fuerza indirecta para sonre\u00edr cada d\u00eda y nosotras queremos brindar eso a los dem\u00e1s, un sitio en el que se sientan seguros, listos para crear, para solucionar, para ser ellos, un sitio que sientan conocido, acogedor, hogare\u00f1o. Haz nuestra historia de costura tuya y atr\u00e9vete con seguridad a ser tu en cualquier espacio.<\/span><\/p>\n<p style=\"text-align: center;\"><a href=\"https:\/\/www.youtube.com\/watch?v=Z9LTBp2V38s\" target=\"_blank\" rel=\"noopener\">Si\u00e9ntete en una alfombra roja \u2730<\/a><\/p>\n","protected":false},"excerpt":{"rendered":"<p>\u00bfC\u00f3mo surgi\u00f3 la idea? Cuando era ni\u00f1a, pasaba horas en la casa de mi abuela, rodeada de hilos de colores, agujas y telas suaves. El sonido de su m\u00e1quina de&hellip;<\/p>\n","protected":false},"author":1,"featured_media":0,"parent":0,"menu_order":0,"comment_status":"closed","ping_status":"closed","template":"","meta":{"footnotes":""},"class_list":["post-34","page","type-page","status-publish","hentry"],"yoast_head":"<!-- This site is optimized with the Yoast SEO plugin v24.2 - https:\/\/yoast.com\/wordpress\/plugins\/seo\/ -->\n<title>Nuestra historia de costura. - Sarte Colore<\/title>\n<meta name=\"description\" content=\"Descubre nuestra historia de costura, el porque de nuestra dedicaci\u00f3n en arreglos y nuestro conocimiento. Ven y si\u00e9ntete segur@, si\u00e9ntete tu.\" \/>\n<meta name=\"robots\" content=\"index, follow, max-snippet:-1, max-image-preview:large, max-video-preview:-1\" \/>\n<link rel=\"canonical\" href=\"https:\/\/sartecolore.pnerudacomercio.es\/?page_id=34\" \/>\n<meta property=\"og:locale\" content=\"es_ES\" \/>\n<meta property=\"og:type\" content=\"article\" \/>\n<meta property=\"og:title\" content=\"Nuestra historia de costura. - Sarte Colore\" \/>\n<meta property=\"og:description\" content=\"Descubre nuestra historia de costura, el porque de nuestra dedicaci\u00f3n en arreglos y nuestro conocimiento. Ven y si\u00e9ntete segur@, si\u00e9ntete tu.\" \/>\n<meta property=\"og:url\" content=\"https:\/\/sartecolore.pnerudacomercio.es\/?page_id=34\" \/>\n<meta property=\"og:site_name\" content=\"Sarte Colore\" \/>\n<meta property=\"article:modified_time\" content=\"2025-01-19T16:22:49+00:00\" \/>\n<meta property=\"og:image\" content=\"https:\/\/sartecolore.pnerudacomercio.es\/wp-content\/uploads\/2025\/01\/WhatsApp-Image-2025-01-09-at-14.25.47-1.jpeg\" \/>\n\t<meta property=\"og:image:width\" content=\"1024\" \/>\n\t<meta property=\"og:image:height\" content=\"1024\" \/>\n\t<meta property=\"og:image:type\" content=\"image\/jpeg\" \/>\n<meta name=\"twitter:card\" content=\"summary_large_image\" \/>\n<meta name=\"twitter:label1\" content=\"Tiempo de lectura\" \/>\n\t<meta name=\"twitter:data1\" content=\"3 minutos\" \/>\n<script type=\"application\/ld+json\" class=\"yoast-schema-graph\">{\"@context\":\"https:\/\/schema.org\",\"@graph\":[{\"@type\":\"WebPage\",\"@id\":\"https:\/\/sartecolore.pnerudacomercio.es\/?page_id=34\",\"url\":\"https:\/\/sartecolore.pnerudacomercio.es\/?page_id=34\",\"name\":\"Nuestra historia de costura. - Sarte Colore\",\"isPartOf\":{\"@id\":\"https:\/\/sartecolore.pnerudacomercio.es\/#website\"},\"primaryImageOfPage\":{\"@id\":\"https:\/\/sartecolore.pnerudacomercio.es\/?page_id=34#primaryimage\"},\"image\":{\"@id\":\"https:\/\/sartecolore.pnerudacomercio.es\/?page_id=34#primaryimage\"},\"thumbnailUrl\":\"https:\/\/sartecolore.pnerudacomercio.es\/wp-content\/uploads\/2025\/01\/WhatsApp-Image-2025-01-09-at-14.25.47-1-300x300.jpeg\",\"datePublished\":\"2025-01-10T11:45:28+00:00\",\"dateModified\":\"2025-01-19T16:22:49+00:00\",\"description\":\"Descubre nuestra historia de costura, el porque de nuestra dedicaci\u00f3n en arreglos y nuestro conocimiento. Ven y si\u00e9ntete segur@, si\u00e9ntete tu.\",\"breadcrumb\":{\"@id\":\"https:\/\/sartecolore.pnerudacomercio.es\/?page_id=34#breadcrumb\"},\"inLanguage\":\"es\",\"potentialAction\":[{\"@type\":\"ReadAction\",\"target\":[\"https:\/\/sartecolore.pnerudacomercio.es\/?page_id=34\"]}]},{\"@type\":\"ImageObject\",\"inLanguage\":\"es\",\"@id\":\"https:\/\/sartecolore.pnerudacomercio.es\/?page_id=34#primaryimage\",\"url\":\"https:\/\/sartecolore.pnerudacomercio.es\/wp-content\/uploads\/2025\/01\/WhatsApp-Image-2025-01-09-at-14.25.47-1.jpeg\",\"contentUrl\":\"https:\/\/sartecolore.pnerudacomercio.es\/wp-content\/uploads\/2025\/01\/WhatsApp-Image-2025-01-09-at-14.25.47-1.jpeg\",\"width\":1024,\"height\":1024,\"caption\":\"sarte colore\"},{\"@type\":\"BreadcrumbList\",\"@id\":\"https:\/\/sartecolore.pnerudacomercio.es\/?page_id=34#breadcrumb\",\"itemListElement\":[{\"@type\":\"ListItem\",\"position\":1,\"name\":\"Portada\",\"item\":\"https:\/\/sartecolore.pnerudacomercio.es\/\"},{\"@type\":\"ListItem\",\"position\":2,\"name\":\"Nuestra historia de costura.\"}]},{\"@type\":\"WebSite\",\"@id\":\"https:\/\/sartecolore.pnerudacomercio.es\/#website\",\"url\":\"https:\/\/sartecolore.pnerudacomercio.es\/\",\"name\":\"Sarte Colore\",\"description\":\"Tu proyecto = Nuestro proyecto \",\"publisher\":{\"@id\":\"https:\/\/sartecolore.pnerudacomercio.es\/#organization\"},\"potentialAction\":[{\"@type\":\"SearchAction\",\"target\":{\"@type\":\"EntryPoint\",\"urlTemplate\":\"https:\/\/sartecolore.pnerudacomercio.es\/?s={search_term_string}\"},\"query-input\":{\"@type\":\"PropertyValueSpecification\",\"valueRequired\":true,\"valueName\":\"search_term_string\"}}],\"inLanguage\":\"es\"},{\"@type\":\"Organization\",\"@id\":\"https:\/\/sartecolore.pnerudacomercio.es\/#organization\",\"name\":\"Sarte Colore\",\"url\":\"https:\/\/sartecolore.pnerudacomercio.es\/\",\"logo\":{\"@type\":\"ImageObject\",\"inLanguage\":\"es\",\"@id\":\"https:\/\/sartecolore.pnerudacomercio.es\/#\/schema\/logo\/image\/\",\"url\":\"https:\/\/sartecolore.pnerudacomercio.es\/wp-content\/uploads\/2025\/01\/cropped-logo-largo.png\",\"contentUrl\":\"https:\/\/sartecolore.pnerudacomercio.es\/wp-content\/uploads\/2025\/01\/cropped-logo-largo.png\",\"width\":922,\"height\":270,\"caption\":\"Sarte Colore\"},\"image\":{\"@id\":\"https:\/\/sartecolore.pnerudacomercio.es\/#\/schema\/logo\/image\/\"}}]}<\/script>\n<!-- \/ Yoast SEO plugin. -->","yoast_head_json":{"title":"Nuestra historia de costura. - Sarte Colore","description":"Descubre nuestra historia de costura, el porque de nuestra dedicaci\u00f3n en arreglos y nuestro conocimiento. Ven y si\u00e9ntete segur@, si\u00e9ntete tu.","robots":{"index":"index","follow":"follow","max-snippet":"max-snippet:-1","max-image-preview":"max-image-preview:large","max-video-preview":"max-video-preview:-1"},"canonical":"https:\/\/sartecolore.pnerudacomercio.es\/?page_id=34","og_locale":"es_ES","og_type":"article","og_title":"Nuestra historia de costura. - Sarte Colore","og_description":"Descubre nuestra historia de costura, el porque de nuestra dedicaci\u00f3n en arreglos y nuestro conocimiento. Ven y si\u00e9ntete segur@, si\u00e9ntete tu.","og_url":"https:\/\/sartecolore.pnerudacomercio.es\/?page_id=34","og_site_name":"Sarte Colore","article_modified_time":"2025-01-19T16:22:49+00:00","og_image":[{"width":1024,"height":1024,"url":"https:\/\/sartecolore.pnerudacomercio.es\/wp-content\/uploads\/2025\/01\/WhatsApp-Image-2025-01-09-at-14.25.47-1.jpeg","type":"image\/jpeg"}],"twitter_card":"summary_large_image","twitter_misc":{"Tiempo de lectura":"3 minutos"},"schema":{"@context":"https:\/\/schema.org","@graph":[{"@type":"WebPage","@id":"https:\/\/sartecolore.pnerudacomercio.es\/?page_id=34","url":"https:\/\/sartecolore.pnerudacomercio.es\/?page_id=34","name":"Nuestra historia de costura. - Sarte Colore","isPartOf":{"@id":"https:\/\/sartecolore.pnerudacomercio.es\/#website"},"primaryImageOfPage":{"@id":"https:\/\/sartecolore.pnerudacomercio.es\/?page_id=34#primaryimage"},"image":{"@id":"https:\/\/sartecolore.pnerudacomercio.es\/?page_id=34#primaryimage"},"thumbnailUrl":"https:\/\/sartecolore.pnerudacomercio.es\/wp-content\/uploads\/2025\/01\/WhatsApp-Image-2025-01-09-at-14.25.47-1-300x300.jpeg","datePublished":"2025-01-10T11:45:28+00:00","dateModified":"2025-01-19T16:22:49+00:00","description":"Descubre nuestra historia de costura, el porque de nuestra dedicaci\u00f3n en arreglos y nuestro conocimiento. Ven y si\u00e9ntete segur@, si\u00e9ntete tu.","breadcrumb":{"@id":"https:\/\/sartecolore.pnerudacomercio.es\/?page_id=34#breadcrumb"},"inLanguage":"es","potentialAction":[{"@type":"ReadAction","target":["https:\/\/sartecolore.pnerudacomercio.es\/?page_id=34"]}]},{"@type":"ImageObject","inLanguage":"es","@id":"https:\/\/sartecolore.pnerudacomercio.es\/?page_id=34#primaryimage","url":"https:\/\/sartecolore.pnerudacomercio.es\/wp-content\/uploads\/2025\/01\/WhatsApp-Image-2025-01-09-at-14.25.47-1.jpeg","contentUrl":"https:\/\/sartecolore.pnerudacomercio.es\/wp-content\/uploads\/2025\/01\/WhatsApp-Image-2025-01-09-at-14.25.47-1.jpeg","width":1024,"height":1024,"caption":"sarte colore"},{"@type":"BreadcrumbList","@id":"https:\/\/sartecolore.pnerudacomercio.es\/?page_id=34#breadcrumb","itemListElement":[{"@type":"ListItem","position":1,"name":"Portada","item":"https:\/\/sartecolore.pnerudacomercio.es\/"},{"@type":"ListItem","position":2,"name":"Nuestra historia de costura."}]},{"@type":"WebSite","@id":"https:\/\/sartecolore.pnerudacomercio.es\/#website","url":"https:\/\/sartecolore.pnerudacomercio.es\/","name":"Sarte Colore","description":"Tu proyecto = Nuestro proyecto ","publisher":{"@id":"https:\/\/sartecolore.pnerudacomercio.es\/#organization"},"potentialAction":[{"@type":"SearchAction","target":{"@type":"EntryPoint","urlTemplate":"https:\/\/sartecolore.pnerudacomercio.es\/?s={search_term_string}"},"query-input":{"@type":"PropertyValueSpecification","valueRequired":true,"valueName":"search_term_string"}}],"inLanguage":"es"},{"@type":"Organization","@id":"https:\/\/sartecolore.pnerudacomercio.es\/#organization","name":"Sarte Colore","url":"https:\/\/sartecolore.pnerudacomercio.es\/","logo":{"@type":"ImageObject","inLanguage":"es","@id":"https:\/\/sartecolore.pnerudacomercio.es\/#\/schema\/logo\/image\/","url":"https:\/\/sartecolore.pnerudacomercio.es\/wp-content\/uploads\/2025\/01\/cropped-logo-largo.png","contentUrl":"https:\/\/sartecolore.pnerudacomercio.es\/wp-content\/uploads\/2025\/01\/cropped-logo-largo.png","width":922,"height":270,"caption":"Sarte Colore"},"image":{"@id":"https:\/\/sartecolore.pnerudacomercio.es\/#\/schema\/logo\/image\/"}}]}},"_links":{"self":[{"href":"https:\/\/sartecolore.pnerudacomercio.es\/index.php?rest_route=\/wp\/v2\/pages\/34","targetHints":{"allow":["GET"]}}],"collection":[{"href":"https:\/\/sartecolore.pnerudacomercio.es\/index.php?rest_route=\/wp\/v2\/pages"}],"about":[{"href":"https:\/\/sartecolore.pnerudacomercio.es\/index.php?rest_route=\/wp\/v2\/types\/page"}],"author":[{"embeddable":true,"href":"https:\/\/sartecolore.pnerudacomercio.es\/index.php?rest_route=\/wp\/v2\/users\/1"}],"replies":[{"embeddable":true,"href":"https:\/\/sartecolore.pnerudacomercio.es\/index.php?rest_route=%2Fwp%2Fv2%2Fcomments&post=34"}],"version-history":[{"count":20,"href":"https:\/\/sartecolore.pnerudacomercio.es\/index.php?rest_route=\/wp\/v2\/pages\/34\/revisions"}],"predecessor-version":[{"id":376,"href":"https:\/\/sartecolore.pnerudacomercio.es\/index.php?rest_route=\/wp\/v2\/pages\/34\/revisions\/376"}],"wp:attachment":[{"href":"https:\/\/sartecolore.pnerudacomercio.es\/index.php?rest_route=%2Fwp%2Fv2%2Fmedia&parent=34"}],"curies":[{"name":"wp","href":"https:\/\/api.w.org\/{rel}","templated":true}]}}