{"id":347,"date":"2025-01-19T16:10:40","date_gmt":"2025-01-19T16:10:40","guid":{"rendered":"https:\/\/sartecolore.pnerudacomercio.es\/?page_id=347"},"modified":"2025-01-19T16:29:22","modified_gmt":"2025-01-19T16:29:22","slug":"recogida-de-telas","status":"publish","type":"page","link":"https:\/\/sartecolore.pnerudacomercio.es\/?page_id=347","title":{"rendered":"Recogida de telas"},"content":{"rendered":"<p><img loading=\"lazy\" decoding=\"async\" class=\"aligncenter wp-image-106 size-large\" src=\"https:\/\/sartecolore.pnerudacomercio.es\/wp-content\/uploads\/2025\/01\/cropped-1-Patron-grande-1024x198.png\" alt=\"Recogida de telas - Sarte Colore\" width=\"1024\" height=\"198\" srcset=\"https:\/\/sartecolore.pnerudacomercio.es\/wp-content\/uploads\/2025\/01\/cropped-1-Patron-grande-1024x198.png 1024w, https:\/\/sartecolore.pnerudacomercio.es\/wp-content\/uploads\/2025\/01\/cropped-1-Patron-grande-600x116.png 600w, https:\/\/sartecolore.pnerudacomercio.es\/wp-content\/uploads\/2025\/01\/cropped-1-Patron-grande-300x58.png 300w, https:\/\/sartecolore.pnerudacomercio.es\/wp-content\/uploads\/2025\/01\/cropped-1-Patron-grande-768x149.png 768w, https:\/\/sartecolore.pnerudacomercio.es\/wp-content\/uploads\/2025\/01\/cropped-1-Patron-grande-1536x298.png 1536w, https:\/\/sartecolore.pnerudacomercio.es\/wp-content\/uploads\/2025\/01\/cropped-1-Patron-grande.png 1920w\" sizes=\"auto, (max-width: 1024px) 100vw, 1024px\" \/><\/p>\n<h1 style=\"text-align: center;\"><span style=\"color: #be3e0e;\"><em>Sost\u00e9n lo sostenible<\/em><\/span><\/h1>\n<h2 style=\"text-align: center;\"><span style=\"color: #ed5d28;\"><em>&#8211; Recogemos la tela a la que no des uso &#8211;<\/em><\/span><\/h2>\n<p><span style=\"font-weight: 400; color: #000000;\">\u00a1Hola a todos! &lt;3<\/span><\/p>\n<p><span style=\"color: #000000;\"><span style=\"font-weight: 400;\">Estamos s\u00faper emocionadas de compartir con ustedes una iniciativa que nos tiene completamente inspiradas: <\/span><b>\u00a1Nuestra caja de reciclaje y recogida de telas!<\/b><span style=\"font-weight: 400;\"> \u267b\ufe0f<\/span><\/span><\/p>\n<p><span style=\"font-weight: 400; color: #000000;\">\u00bfTienes telas olvidadas en el fondo del armario?<\/span><\/p>\n<p><span style=\"font-weight: 400; color: #000000;\">A partir de ahora, en nuestra tienda encontrar\u00e1s una caja especial donde puedes dejar esas telas que ya no necesitas, de alg\u00fan proyecto que nunca terminaste o que estaban acumulando polvo en alg\u00fan rinc\u00f3n de tu casa. \u00bfQu\u00e9 haremos con ellas? \u00a1Darles una segunda vida! \u2728<\/span><\/p>\n<p><span style=\"color: #000000;\"><span style=\"font-weight: 400;\">Con tu colaboraci\u00f3n, convertiremos esas telas en productos \u00fanicos y \u00fatiles, como <\/span><b>faldas originales<\/b><span style=\"font-weight: 400;\">, <\/span><b>bolsas reutilizables, bandas<\/b><span style=\"font-weight: 400;\">, etc, e incluso las utilizaremos como <\/span><b>parches creativos<\/b><span style=\"font-weight: 400;\"> para arreglos de ropa. Queremos demostrar que con un poco de creatividad podemos darle un giro sostenible y original a lo que parec\u00eda destinado al olvido.<\/span><\/span><\/p>\n<p><span style=\"font-weight: 400; color: #000000;\">Esta idea no solo nos ayuda a reducir residuos, sino que tambi\u00e9n es una forma de hacer del mundo un lugar m\u00e1s consciente y responsable, apostando por la sostenibilidad y la creatividad. Cada tela que dones ser\u00e1 transformada en algo especial, evitando el desperdicio y mostrando c\u00f3mo peque\u00f1as acciones pueden marcar una gran diferencia. Adem\u00e1s, no solo al apoyar esta iniciativa estar\u00e1s formando parte de un movimiento que combina moda, reciclaje y conciencia ambiental, sino que cada pieza creada con tus donaciones llevar\u00e1 un pedacito de ti, lo que la hace a\u00fan m\u00e1s especial. \ud83e\uddf5\ud83c\udf3c\ud83d\udc9b<\/span><\/p>\n<hr \/>\n<h3><span style=\"color: #000000;\"><strong>\u00bfC\u00f3mo puedes participar? Es muy sencillo:<\/strong><\/span><\/h3>\n<p><span style=\"color: #000000;\"><span style=\"font-weight: 400;\">1\ufe0f\u20e3 Re\u00fane las telas que ya no necesitas (limpias y en buen estado).<\/span><span style=\"font-weight: 400;\"><br \/>\n<\/span><span style=\"font-weight: 400;\">2\ufe0f\u20e3 P\u00e1sate por nuestra tienda y busca nuestra caja de recogida.<\/span><span style=\"font-weight: 400;\"><br \/>\n<\/span><span style=\"font-weight: 400;\">3\ufe0f\u20e3 \u00a1Echa tus telas y listo! Nos encargamos del resto.<\/span><\/span><\/p>\n<hr \/>\n<p><span style=\"font-weight: 400; color: #000000;\">As\u00ed que ya sabes, si tienes retales, prendas da\u00f1adas o simplemente telas que ya no vas a usar, \u00a1no las tires! Tr\u00e1elas a nuestra tienda y participa en la recogida de telas convirti\u00e9ndolas en oportunidades para crear algo nuevo y genial. \ud83c\udf0d<\/span><\/p>\n<p><span style=\"font-weight: 400; color: #000000;\">Gracias por ser parte de este proyecto que nos llena de ilusi\u00f3n y por ayudarnos a demostrar que lo que aparentemente no sirve puede transformarse en algo incre\u00edble. Nos encanta trabajar con nuestra comunidad y juntos marcar la diferencia.\u00a1Recuerda que cada aporte cuenta! P\u00e1sate por la tienda, conoce m\u00e1s sobre esta iniciativa y si\u00e9ntete parte de esta aventura sostenible.<\/span><\/p>\n<p><span style=\"font-weight: 400; color: #000000;\">\u00a1Te esperamos para crear juntos un mundo m\u00e1s bonito y consciente! \u267b\ufe0f\ud83e\udde1<\/span><\/p>\n<p>&nbsp;<\/p>\n<p><span style=\"color: #000000;\">Si quieres un producto hecho con las telas de caj\u00f3n, cont\u00e1ctanos \u2701<\/span><a href=\"https:\/\/sartecolore.pnerudacomercio.es\/?page_id=142\" target=\"_blank\" rel=\"noopener\">aqu\u00ed<\/a>.<\/p>\n<p><img loading=\"lazy\" decoding=\"async\" class=\"aligncenter wp-image-106 size-large\" src=\"https:\/\/sartecolore.pnerudacomercio.es\/wp-content\/uploads\/2025\/01\/cropped-1-Patron-grande-1024x198.png\" alt=\"Recogida de telas - Sarte Colore\" width=\"1024\" height=\"198\" srcset=\"https:\/\/sartecolore.pnerudacomercio.es\/wp-content\/uploads\/2025\/01\/cropped-1-Patron-grande-1024x198.png 1024w, https:\/\/sartecolore.pnerudacomercio.es\/wp-content\/uploads\/2025\/01\/cropped-1-Patron-grande-600x116.png 600w, https:\/\/sartecolore.pnerudacomercio.es\/wp-content\/uploads\/2025\/01\/cropped-1-Patron-grande-300x58.png 300w, https:\/\/sartecolore.pnerudacomercio.es\/wp-content\/uploads\/2025\/01\/cropped-1-Patron-grande-768x149.png 768w, https:\/\/sartecolore.pnerudacomercio.es\/wp-content\/uploads\/2025\/01\/cropped-1-Patron-grande-1536x298.png 1536w, https:\/\/sartecolore.pnerudacomercio.es\/wp-content\/uploads\/2025\/01\/cropped-1-Patron-grande.png 1920w\" sizes=\"auto, (max-width: 1024px) 100vw, 1024px\" \/><\/p>\n","protected":false},"excerpt":{"rendered":"<p>Sost\u00e9n lo sostenible &#8211; Recogemos la tela a la que no des uso &#8211; \u00a1Hola a todos! &lt;3 Estamos s\u00faper emocionadas de compartir con ustedes una iniciativa que nos tiene&hellip;<\/p>\n","protected":false},"author":1,"featured_media":0,"parent":0,"menu_order":0,"comment_status":"closed","ping_status":"closed","template":"","meta":{"footnotes":""},"class_list":["post-347","page","type-page","status-publish","hentry"],"yoast_head":"<!-- This site is optimized with the Yoast SEO plugin v24.2 - https:\/\/yoast.com\/wordpress\/plugins\/seo\/ -->\n<title>Recogida de telas - Sarte Colore<\/title>\n<meta name=\"description\" content=\"Descubre nuestra caja de reciclaje y recogida de telas. Trae tus telas y dales una segunda vida. Marca la diferencia \u00a1Cada aporte cuenta!\" \/>\n<meta name=\"robots\" content=\"index, follow, max-snippet:-1, max-image-preview:large, max-video-preview:-1\" \/>\n<link rel=\"canonical\" href=\"https:\/\/sartecolore.pnerudacomercio.es\/?page_id=347\" \/>\n<meta property=\"og:locale\" content=\"es_ES\" \/>\n<meta property=\"og:type\" content=\"article\" \/>\n<meta property=\"og:title\" content=\"Recogida de telas - Sarte Colore\" \/>\n<meta property=\"og:description\" content=\"Descubre nuestra caja de reciclaje y recogida de telas. Trae tus telas y dales una segunda vida. Marca la diferencia \u00a1Cada aporte cuenta!\" \/>\n<meta property=\"og:url\" content=\"https:\/\/sartecolore.pnerudacomercio.es\/?page_id=347\" \/>\n<meta property=\"og:site_name\" content=\"Sarte Colore\" \/>\n<meta property=\"article:modified_time\" content=\"2025-01-19T16:29:22+00:00\" \/>\n<meta property=\"og:image\" content=\"https:\/\/sartecolore.pnerudacomercio.es\/wp-content\/uploads\/2025\/01\/cropped-1-Patron-grande.png\" \/>\n\t<meta property=\"og:image:width\" content=\"1920\" \/>\n\t<meta property=\"og:image:height\" content=\"372\" \/>\n\t<meta property=\"og:image:type\" content=\"image\/png\" \/>\n<meta name=\"twitter:card\" content=\"summary_large_image\" \/>\n<meta name=\"twitter:label1\" content=\"Tiempo de lectura\" \/>\n\t<meta name=\"twitter:data1\" content=\"3 minutos\" \/>\n<script type=\"application\/ld+json\" class=\"yoast-schema-graph\">{\"@context\":\"https:\/\/schema.org\",\"@graph\":[{\"@type\":\"WebPage\",\"@id\":\"https:\/\/sartecolore.pnerudacomercio.es\/?page_id=347\",\"url\":\"https:\/\/sartecolore.pnerudacomercio.es\/?page_id=347\",\"name\":\"Recogida de telas - Sarte Colore\",\"isPartOf\":{\"@id\":\"https:\/\/sartecolore.pnerudacomercio.es\/#website\"},\"primaryImageOfPage\":{\"@id\":\"https:\/\/sartecolore.pnerudacomercio.es\/?page_id=347#primaryimage\"},\"image\":{\"@id\":\"https:\/\/sartecolore.pnerudacomercio.es\/?page_id=347#primaryimage\"},\"thumbnailUrl\":\"https:\/\/sartecolore.pnerudacomercio.es\/wp-content\/uploads\/2025\/01\/cropped-1-Patron-grande-1024x198.png\",\"datePublished\":\"2025-01-19T16:10:40+00:00\",\"dateModified\":\"2025-01-19T16:29:22+00:00\",\"description\":\"Descubre nuestra caja de reciclaje y recogida de telas. Trae tus telas y dales una segunda vida. Marca la diferencia \u00a1Cada aporte cuenta!\",\"breadcrumb\":{\"@id\":\"https:\/\/sartecolore.pnerudacomercio.es\/?page_id=347#breadcrumb\"},\"inLanguage\":\"es\",\"potentialAction\":[{\"@type\":\"ReadAction\",\"target\":[\"https:\/\/sartecolore.pnerudacomercio.es\/?page_id=347\"]}]},{\"@type\":\"ImageObject\",\"inLanguage\":\"es\",\"@id\":\"https:\/\/sartecolore.pnerudacomercio.es\/?page_id=347#primaryimage\",\"url\":\"https:\/\/sartecolore.pnerudacomercio.es\/wp-content\/uploads\/2025\/01\/cropped-1-Patron-grande.png\",\"contentUrl\":\"https:\/\/sartecolore.pnerudacomercio.es\/wp-content\/uploads\/2025\/01\/cropped-1-Patron-grande.png\",\"width\":1920,\"height\":372},{\"@type\":\"BreadcrumbList\",\"@id\":\"https:\/\/sartecolore.pnerudacomercio.es\/?page_id=347#breadcrumb\",\"itemListElement\":[{\"@type\":\"ListItem\",\"position\":1,\"name\":\"Portada\",\"item\":\"https:\/\/sartecolore.pnerudacomercio.es\/\"},{\"@type\":\"ListItem\",\"position\":2,\"name\":\"Recogida de telas\"}]},{\"@type\":\"WebSite\",\"@id\":\"https:\/\/sartecolore.pnerudacomercio.es\/#website\",\"url\":\"https:\/\/sartecolore.pnerudacomercio.es\/\",\"name\":\"Sarte Colore\",\"description\":\"Tu proyecto = Nuestro proyecto \",\"publisher\":{\"@id\":\"https:\/\/sartecolore.pnerudacomercio.es\/#organization\"},\"potentialAction\":[{\"@type\":\"SearchAction\",\"target\":{\"@type\":\"EntryPoint\",\"urlTemplate\":\"https:\/\/sartecolore.pnerudacomercio.es\/?s={search_term_string}\"},\"query-input\":{\"@type\":\"PropertyValueSpecification\",\"valueRequired\":true,\"valueName\":\"search_term_string\"}}],\"inLanguage\":\"es\"},{\"@type\":\"Organization\",\"@id\":\"https:\/\/sartecolore.pnerudacomercio.es\/#organization\",\"name\":\"Sarte Colore\",\"url\":\"https:\/\/sartecolore.pnerudacomercio.es\/\",\"logo\":{\"@type\":\"ImageObject\",\"inLanguage\":\"es\",\"@id\":\"https:\/\/sartecolore.pnerudacomercio.es\/#\/schema\/logo\/image\/\",\"url\":\"https:\/\/sartecolore.pnerudacomercio.es\/wp-content\/uploads\/2025\/01\/cropped-logo-largo.png\",\"contentUrl\":\"https:\/\/sartecolore.pnerudacomercio.es\/wp-content\/uploads\/2025\/01\/cropped-logo-largo.png\",\"width\":922,\"height\":270,\"caption\":\"Sarte Colore\"},\"image\":{\"@id\":\"https:\/\/sartecolore.pnerudacomercio.es\/#\/schema\/logo\/image\/\"}}]}<\/script>\n<!-- \/ Yoast SEO plugin. -->","yoast_head_json":{"title":"Recogida de telas - Sarte Colore","description":"Descubre nuestra caja de reciclaje y recogida de telas. Trae tus telas y dales una segunda vida. Marca la diferencia \u00a1Cada aporte cuenta!","robots":{"index":"index","follow":"follow","max-snippet":"max-snippet:-1","max-image-preview":"max-image-preview:large","max-video-preview":"max-video-preview:-1"},"canonical":"https:\/\/sartecolore.pnerudacomercio.es\/?page_id=347","og_locale":"es_ES","og_type":"article","og_title":"Recogida de telas - Sarte Colore","og_description":"Descubre nuestra caja de reciclaje y recogida de telas. Trae tus telas y dales una segunda vida. Marca la diferencia \u00a1Cada aporte cuenta!","og_url":"https:\/\/sartecolore.pnerudacomercio.es\/?page_id=347","og_site_name":"Sarte Colore","article_modified_time":"2025-01-19T16:29:22+00:00","og_image":[{"width":1920,"height":372,"url":"https:\/\/sartecolore.pnerudacomercio.es\/wp-content\/uploads\/2025\/01\/cropped-1-Patron-grande.png","type":"image\/png"}],"twitter_card":"summary_large_image","twitter_misc":{"Tiempo de lectura":"3 minutos"},"schema":{"@context":"https:\/\/schema.org","@graph":[{"@type":"WebPage","@id":"https:\/\/sartecolore.pnerudacomercio.es\/?page_id=347","url":"https:\/\/sartecolore.pnerudacomercio.es\/?page_id=347","name":"Recogida de telas - Sarte Colore","isPartOf":{"@id":"https:\/\/sartecolore.pnerudacomercio.es\/#website"},"primaryImageOfPage":{"@id":"https:\/\/sartecolore.pnerudacomercio.es\/?page_id=347#primaryimage"},"image":{"@id":"https:\/\/sartecolore.pnerudacomercio.es\/?page_id=347#primaryimage"},"thumbnailUrl":"https:\/\/sartecolore.pnerudacomercio.es\/wp-content\/uploads\/2025\/01\/cropped-1-Patron-grande-1024x198.png","datePublished":"2025-01-19T16:10:40+00:00","dateModified":"2025-01-19T16:29:22+00:00","description":"Descubre nuestra caja de reciclaje y recogida de telas. Trae tus telas y dales una segunda vida. Marca la diferencia \u00a1Cada aporte cuenta!","breadcrumb":{"@id":"https:\/\/sartecolore.pnerudacomercio.es\/?page_id=347#breadcrumb"},"inLanguage":"es","potentialAction":[{"@type":"ReadAction","target":["https:\/\/sartecolore.pnerudacomercio.es\/?page_id=347"]}]},{"@type":"ImageObject","inLanguage":"es","@id":"https:\/\/sartecolore.pnerudacomercio.es\/?page_id=347#primaryimage","url":"https:\/\/sartecolore.pnerudacomercio.es\/wp-content\/uploads\/2025\/01\/cropped-1-Patron-grande.png","contentUrl":"https:\/\/sartecolore.pnerudacomercio.es\/wp-content\/uploads\/2025\/01\/cropped-1-Patron-grande.png","width":1920,"height":372},{"@type":"BreadcrumbList","@id":"https:\/\/sartecolore.pnerudacomercio.es\/?page_id=347#breadcrumb","itemListElement":[{"@type":"ListItem","position":1,"name":"Portada","item":"https:\/\/sartecolore.pnerudacomercio.es\/"},{"@type":"ListItem","position":2,"name":"Recogida de telas"}]},{"@type":"WebSite","@id":"https:\/\/sartecolore.pnerudacomercio.es\/#website","url":"https:\/\/sartecolore.pnerudacomercio.es\/","name":"Sarte Colore","description":"Tu proyecto = Nuestro proyecto ","publisher":{"@id":"https:\/\/sartecolore.pnerudacomercio.es\/#organization"},"potentialAction":[{"@type":"SearchAction","target":{"@type":"EntryPoint","urlTemplate":"https:\/\/sartecolore.pnerudacomercio.es\/?s={search_term_string}"},"query-input":{"@type":"PropertyValueSpecification","valueRequired":true,"valueName":"search_term_string"}}],"inLanguage":"es"},{"@type":"Organization","@id":"https:\/\/sartecolore.pnerudacomercio.es\/#organization","name":"Sarte Colore","url":"https:\/\/sartecolore.pnerudacomercio.es\/","logo":{"@type":"ImageObject","inLanguage":"es","@id":"https:\/\/sartecolore.pnerudacomercio.es\/#\/schema\/logo\/image\/","url":"https:\/\/sartecolore.pnerudacomercio.es\/wp-content\/uploads\/2025\/01\/cropped-logo-largo.png","contentUrl":"https:\/\/sartecolore.pnerudacomercio.es\/wp-content\/uploads\/2025\/01\/cropped-logo-largo.png","width":922,"height":270,"caption":"Sarte Colore"},"image":{"@id":"https:\/\/sartecolore.pnerudacomercio.es\/#\/schema\/logo\/image\/"}}]}},"_links":{"self":[{"href":"https:\/\/sartecolore.pnerudacomercio.es\/index.php?rest_route=\/wp\/v2\/pages\/347","targetHints":{"allow":["GET"]}}],"collection":[{"href":"https:\/\/sartecolore.pnerudacomercio.es\/index.php?rest_route=\/wp\/v2\/pages"}],"about":[{"href":"https:\/\/sartecolore.pnerudacomercio.es\/index.php?rest_route=\/wp\/v2\/types\/page"}],"author":[{"embeddable":true,"href":"https:\/\/sartecolore.pnerudacomercio.es\/index.php?rest_route=\/wp\/v2\/users\/1"}],"replies":[{"embeddable":true,"href":"https:\/\/sartecolore.pnerudacomercio.es\/index.php?rest_route=%2Fwp%2Fv2%2Fcomments&post=347"}],"version-history":[{"count":7,"href":"https:\/\/sartecolore.pnerudacomercio.es\/index.php?rest_route=\/wp\/v2\/pages\/347\/revisions"}],"predecessor-version":[{"id":381,"href":"https:\/\/sartecolore.pnerudacomercio.es\/index.php?rest_route=\/wp\/v2\/pages\/347\/revisions\/381"}],"wp:attachment":[{"href":"https:\/\/sartecolore.pnerudacomercio.es\/index.php?rest_route=%2Fwp%2Fv2%2Fmedia&parent=347"}],"curies":[{"name":"wp","href":"https:\/\/api.w.org\/{rel}","templated":true}]}}