{"id":353,"date":"2025-01-19T11:57:10","date_gmt":"2025-01-19T11:57:10","guid":{"rendered":"https:\/\/sartecolore.pnerudacomercio.es\/?page_id=353"},"modified":"2025-02-11T09:36:22","modified_gmt":"2025-02-11T09:36:22","slug":"sobre-el-taller","status":"publish","type":"page","link":"https:\/\/sartecolore.pnerudacomercio.es\/?page_id=353","title":{"rendered":"Sobre el taller"},"content":{"rendered":"<p><img loading=\"lazy\" decoding=\"async\" class=\"aligncenter wp-image-98 size-large\" src=\"https:\/\/sartecolore.pnerudacomercio.es\/wp-content\/uploads\/2023\/01\/2-Patron-mediano-e1736767521239-1024x162.png\" alt=\"Sobre el taller - Sarte Colore\" width=\"1024\" height=\"162\" srcset=\"https:\/\/sartecolore.pnerudacomercio.es\/wp-content\/uploads\/2023\/01\/2-Patron-mediano-e1736767521239-1024x162.png 1024w, https:\/\/sartecolore.pnerudacomercio.es\/wp-content\/uploads\/2023\/01\/2-Patron-mediano-e1736767521239-600x95.png 600w, https:\/\/sartecolore.pnerudacomercio.es\/wp-content\/uploads\/2023\/01\/2-Patron-mediano-e1736767521239-300x47.png 300w, https:\/\/sartecolore.pnerudacomercio.es\/wp-content\/uploads\/2023\/01\/2-Patron-mediano-e1736767521239-768x121.png 768w, https:\/\/sartecolore.pnerudacomercio.es\/wp-content\/uploads\/2023\/01\/2-Patron-mediano-e1736767521239.png 1413w\" sizes=\"auto, (max-width: 1024px) 100vw, 1024px\" \/><\/p>\n<h2 style=\"text-align: center;\"><em><strong><span style=\"color: #ff7f50;\">\u2701<\/span><\/strong><\/em><em><strong><span style=\"color: #ff7f50;\">\u00a0<\/span><\/strong><\/em><em><strong><span style=\"color: #ff7f50;\">Anuncios, novedades y m\u00e1s <\/span><\/strong><\/em><em><strong><span style=\"color: #ff7f50;\">\u2703<\/span><\/strong><\/em><\/h2>\n<p><span style=\"color: #000000;\">\u00a1Bienvenidos a nuestra p\u00e1gina oficial! \ud83c\udf1f<\/span><\/p>\n<p><span style=\"color: #000000;\">Estamos emocionados de anunciar que este espacio est\u00e1 dise\u00f1ado para mantenerte al d\u00eda con todo lo que sucede en nuestro negocio, compartir contigo nuestras pasiones, servicios y novedades, y contarte m\u00e1s <strong>sobre el taller<\/strong>. Aqu\u00ed encontrar\u00e1s subp\u00e1ginas dedicadas a temas que sabemos que te van a encantar y que ser\u00e1n de inter\u00e9s, todas ellas relacionadas con el taller.<\/span><\/p>\n<p><span style=\"color: #000000;\">Tambi\u00e9n para que sep\u00e1is todo lo que ofrecemos, siendo lo siguiente:<\/span><\/p>\n<p><span style=\"color: #000000;\">\u2728 <strong>Arreglos de ropa:<\/strong> Porque cada prenda merece hacerte sentir seguridad, nos encargamos de que luzcan perfectas para ti.<\/span><\/p>\n<p><span style=\"color: #000000;\">\ud83e\uddf5 <strong>Venta de telas:<\/strong> Disponemos de una selecci\u00f3n especial para que lleves tus proyectos a la realidad.<\/span><\/p>\n<p><span style=\"color: #000000;\">\ud83c\udfa8 <strong>Test de colorimetr\u00eda:<\/strong> Descubre los colores que m\u00e1s te favorecen y c\u00f3mo potenciarlos en tu d\u00eda a d\u00eda.<\/span><\/p>\n<p><span style=\"color: #000000;\">\ud83d\udc84 <strong>Consejos de maquillaje:<\/strong> Aprende c\u00f3mo combinar tu maquillaje con los colores de tu ropa y resaltar tu belleza natural.<\/span><\/p>\n<p><span style=\"color: #000000;\">\ud83c\udfad <strong>Exposiciones de dise\u00f1o:<\/strong> Apoyamos el talento emergente, y aqu\u00ed podr\u00e1s conocer el trabajo de peque\u00f1os dise\u00f1adores.<\/span><\/p>\n<p><span style=\"color: #000000;\">\u267b\ufe0f <strong>Recogida de telas para reutilizar:<\/strong> Queremos darle una nueva vida a esas telas olvidadas y transformarlas en algo especial en nuestro taller.<\/span><\/p>\n<p><span style=\"color: #000000;\">Adem\u00e1s, este ser\u00e1 el lugar donde te compartiremos anuncios, promociones y todas esas cositas que hacen nuestro trabajo \u00fanico. Queremos que formes parte de nuestra comunidad, as\u00ed que no dudes en visitarnos con frecuencia, comentar y ser parte activa de todo lo que construimos juntos.<\/span><\/p>\n<hr \/>\n<h3><em><span style=\"color: #ffe07f;\">Redes sociales<\/span><\/em><\/h3>\n<p><span style=\"color: #000000;\">Adem\u00e1s a parte de encontrar nuestras redes sociales en el inicio de la web, en esta pagina os facilitamos tambi\u00e9n nuestro insta y Pinterest. As\u00ed podr\u00e9is seguir mucho mejor los procesos del taller o buscar aspiraci\u00f3n para vuestros propios proyectos.<\/span><\/p>\n<p style=\"text-align: left;\"><img loading=\"lazy\" decoding=\"async\" class=\"wp-image-359 alignnone\" src=\"https:\/\/sartecolore.pnerudacomercio.es\/wp-content\/uploads\/2025\/01\/Ig.png\" alt=\"\" width=\"19\" height=\"20\" srcset=\"https:\/\/sartecolore.pnerudacomercio.es\/wp-content\/uploads\/2025\/01\/Ig.png 287w, https:\/\/sartecolore.pnerudacomercio.es\/wp-content\/uploads\/2025\/01\/Ig-150x150.png 150w\" sizes=\"auto, (max-width: 19px) 100vw, 19px\" \/> <a href=\"https:\/\/www.instagram.com\/sartecolore\/\" target=\"_blank\" rel=\"noopener\">Instagram<\/a><\/p>\n<p><img loading=\"lazy\" decoding=\"async\" class=\"wp-image-360 alignnone\" src=\"https:\/\/sartecolore.pnerudacomercio.es\/wp-content\/uploads\/2025\/01\/Pinterest.png\" alt=\"\" width=\"20\" height=\"20\" srcset=\"https:\/\/sartecolore.pnerudacomercio.es\/wp-content\/uploads\/2025\/01\/Pinterest.png 284w, https:\/\/sartecolore.pnerudacomercio.es\/wp-content\/uploads\/2025\/01\/Pinterest-150x150.png 150w\" sizes=\"auto, (max-width: 20px) 100vw, 20px\" \/> <a href=\"https:\/\/www.pinterest.com\/sartecolore\/\" target=\"_blank\" rel=\"noopener\">Pinterest<\/a><\/p>\n<p><img loading=\"lazy\" decoding=\"async\" class=\"wp-image-577 alignnone\" src=\"https:\/\/sartecolore.pnerudacomercio.es\/wp-content\/uploads\/2025\/02\/TikTok-1024x1024.png\" alt=\"TikTok - Sarte Colore\" width=\"19\" height=\"19\" srcset=\"https:\/\/sartecolore.pnerudacomercio.es\/wp-content\/uploads\/2025\/02\/TikTok-1024x1024.png 1024w, https:\/\/sartecolore.pnerudacomercio.es\/wp-content\/uploads\/2025\/02\/TikTok-300x300.png 300w, https:\/\/sartecolore.pnerudacomercio.es\/wp-content\/uploads\/2025\/02\/TikTok-150x150.png 150w, https:\/\/sartecolore.pnerudacomercio.es\/wp-content\/uploads\/2025\/02\/TikTok-600x600.png 600w, https:\/\/sartecolore.pnerudacomercio.es\/wp-content\/uploads\/2025\/02\/TikTok-768x768.png 768w, https:\/\/sartecolore.pnerudacomercio.es\/wp-content\/uploads\/2025\/02\/TikTok-1536x1536.png 1536w, https:\/\/sartecolore.pnerudacomercio.es\/wp-content\/uploads\/2025\/02\/TikTok-2048x2048.png 2048w\" sizes=\"auto, (max-width: 19px) 100vw, 19px\" \/> <a href=\"https:\/\/www.tiktok.com\/@sarte.colore\" target=\"_blank\" rel=\"noopener\">TikTok<\/a><\/p>\n<p><img loading=\"lazy\" decoding=\"async\" class=\"wp-image-576 alignnone\" src=\"https:\/\/sartecolore.pnerudacomercio.es\/wp-content\/uploads\/2025\/02\/Facebook-e1739266473295-1024x1021.png\" alt=\"Facebook - Sarte Colore\" width=\"20\" height=\"20\" srcset=\"https:\/\/sartecolore.pnerudacomercio.es\/wp-content\/uploads\/2025\/02\/Facebook-e1739266473295-1024x1021.png 1024w, https:\/\/sartecolore.pnerudacomercio.es\/wp-content\/uploads\/2025\/02\/Facebook-e1739266473295-300x300.png 300w, https:\/\/sartecolore.pnerudacomercio.es\/wp-content\/uploads\/2025\/02\/Facebook-e1739266473295-150x150.png 150w, https:\/\/sartecolore.pnerudacomercio.es\/wp-content\/uploads\/2025\/02\/Facebook-e1739266473295-600x598.png 600w, https:\/\/sartecolore.pnerudacomercio.es\/wp-content\/uploads\/2025\/02\/Facebook-e1739266473295-768x766.png 768w, https:\/\/sartecolore.pnerudacomercio.es\/wp-content\/uploads\/2025\/02\/Facebook-e1739266473295-1536x1532.png 1536w, https:\/\/sartecolore.pnerudacomercio.es\/wp-content\/uploads\/2025\/02\/Facebook-e1739266473295-2048x2043.png 2048w\" sizes=\"auto, (max-width: 20px) 100vw, 20px\" \/> <a href=\"https:\/\/www.facebook.com\/profile.php?id=61572828132790\" target=\"_blank\" rel=\"noopener\">Facebook<\/a><\/p>\n<hr \/>\n<p><span style=\"color: #000000;\">\u00a1Gracias por acompa\u00f1arnos en esta aventura! Estamos deseando compartir contigo todo lo que amamos hacer.<\/span> \ud83e\udde1<\/p>\n<p><img loading=\"lazy\" decoding=\"async\" class=\"aligncenter wp-image-98 size-large\" src=\"https:\/\/sartecolore.pnerudacomercio.es\/wp-content\/uploads\/2023\/01\/2-Patron-mediano-e1736767521239-1024x162.png\" alt=\"Sobre el taller - Sarte Colore\" width=\"1024\" height=\"162\" srcset=\"https:\/\/sartecolore.pnerudacomercio.es\/wp-content\/uploads\/2023\/01\/2-Patron-mediano-e1736767521239-1024x162.png 1024w, https:\/\/sartecolore.pnerudacomercio.es\/wp-content\/uploads\/2023\/01\/2-Patron-mediano-e1736767521239-600x95.png 600w, https:\/\/sartecolore.pnerudacomercio.es\/wp-content\/uploads\/2023\/01\/2-Patron-mediano-e1736767521239-300x47.png 300w, https:\/\/sartecolore.pnerudacomercio.es\/wp-content\/uploads\/2023\/01\/2-Patron-mediano-e1736767521239-768x121.png 768w, https:\/\/sartecolore.pnerudacomercio.es\/wp-content\/uploads\/2023\/01\/2-Patron-mediano-e1736767521239.png 1413w\" sizes=\"auto, (max-width: 1024px) 100vw, 1024px\" \/><\/p>\n","protected":false},"excerpt":{"rendered":"<p>\u2701\u00a0Anuncios, novedades y m\u00e1s \u2703 \u00a1Bienvenidos a nuestra p\u00e1gina oficial! \ud83c\udf1f Estamos emocionados de anunciar que este espacio est\u00e1 dise\u00f1ado para mantenerte al d\u00eda con todo lo que sucede en&hellip;<\/p>\n","protected":false},"author":1,"featured_media":0,"parent":0,"menu_order":0,"comment_status":"closed","ping_status":"closed","template":"","meta":{"footnotes":""},"class_list":["post-353","page","type-page","status-publish","hentry"],"yoast_head":"<!-- This site is optimized with the Yoast SEO plugin v24.2 - https:\/\/yoast.com\/wordpress\/plugins\/seo\/ -->\n<title>Sobre el taller - Sarte Colore<\/title>\n<meta name=\"description\" content=\"Descubre m\u00e1s sobre el taller, compartimos contigo nuestros servicios, novedades, anuncios y promociones. \u00a1Todo en un espacio pensado para ti!\" \/>\n<meta name=\"robots\" content=\"index, follow, max-snippet:-1, max-image-preview:large, max-video-preview:-1\" \/>\n<link rel=\"canonical\" href=\"https:\/\/sartecolore.pnerudacomercio.es\/?page_id=353\" \/>\n<meta property=\"og:locale\" content=\"es_ES\" \/>\n<meta property=\"og:type\" content=\"article\" \/>\n<meta property=\"og:title\" content=\"Sobre el taller - Sarte Colore\" \/>\n<meta property=\"og:description\" content=\"Descubre m\u00e1s sobre el taller, compartimos contigo nuestros servicios, novedades, anuncios y promociones. \u00a1Todo en un espacio pensado para ti!\" \/>\n<meta property=\"og:url\" content=\"https:\/\/sartecolore.pnerudacomercio.es\/?page_id=353\" \/>\n<meta property=\"og:site_name\" content=\"Sarte Colore\" \/>\n<meta property=\"article:modified_time\" content=\"2025-02-11T09:36:22+00:00\" \/>\n<meta property=\"og:image\" content=\"https:\/\/sartecolore.pnerudacomercio.es\/wp-content\/uploads\/2023\/01\/2-Patron-mediano-e1736767521239.png\" \/>\n\t<meta property=\"og:image:width\" content=\"1413\" \/>\n\t<meta property=\"og:image:height\" content=\"223\" \/>\n\t<meta property=\"og:image:type\" content=\"image\/png\" \/>\n<meta name=\"twitter:card\" content=\"summary_large_image\" \/>\n<meta name=\"twitter:label1\" content=\"Tiempo de lectura\" \/>\n\t<meta name=\"twitter:data1\" content=\"3 minutos\" \/>\n<script type=\"application\/ld+json\" class=\"yoast-schema-graph\">{\"@context\":\"https:\/\/schema.org\",\"@graph\":[{\"@type\":\"WebPage\",\"@id\":\"https:\/\/sartecolore.pnerudacomercio.es\/?page_id=353\",\"url\":\"https:\/\/sartecolore.pnerudacomercio.es\/?page_id=353\",\"name\":\"Sobre el taller - Sarte Colore\",\"isPartOf\":{\"@id\":\"https:\/\/sartecolore.pnerudacomercio.es\/#website\"},\"primaryImageOfPage\":{\"@id\":\"https:\/\/sartecolore.pnerudacomercio.es\/?page_id=353#primaryimage\"},\"image\":{\"@id\":\"https:\/\/sartecolore.pnerudacomercio.es\/?page_id=353#primaryimage\"},\"thumbnailUrl\":\"https:\/\/sartecolore.pnerudacomercio.es\/wp-content\/uploads\/2023\/01\/2-Patron-mediano-e1736767521239-1024x162.png\",\"datePublished\":\"2025-01-19T11:57:10+00:00\",\"dateModified\":\"2025-02-11T09:36:22+00:00\",\"description\":\"Descubre m\u00e1s sobre el taller, compartimos contigo nuestros servicios, novedades, anuncios y promociones. \u00a1Todo en un espacio pensado para ti!\",\"breadcrumb\":{\"@id\":\"https:\/\/sartecolore.pnerudacomercio.es\/?page_id=353#breadcrumb\"},\"inLanguage\":\"es\",\"potentialAction\":[{\"@type\":\"ReadAction\",\"target\":[\"https:\/\/sartecolore.pnerudacomercio.es\/?page_id=353\"]}]},{\"@type\":\"ImageObject\",\"inLanguage\":\"es\",\"@id\":\"https:\/\/sartecolore.pnerudacomercio.es\/?page_id=353#primaryimage\",\"url\":\"https:\/\/sartecolore.pnerudacomercio.es\/wp-content\/uploads\/2023\/01\/2-Patron-mediano-e1736767521239.png\",\"contentUrl\":\"https:\/\/sartecolore.pnerudacomercio.es\/wp-content\/uploads\/2023\/01\/2-Patron-mediano-e1736767521239.png\",\"width\":1413,\"height\":223,\"caption\":\"Sarte Colore.\"},{\"@type\":\"BreadcrumbList\",\"@id\":\"https:\/\/sartecolore.pnerudacomercio.es\/?page_id=353#breadcrumb\",\"itemListElement\":[{\"@type\":\"ListItem\",\"position\":1,\"name\":\"Portada\",\"item\":\"https:\/\/sartecolore.pnerudacomercio.es\/\"},{\"@type\":\"ListItem\",\"position\":2,\"name\":\"Sobre el taller\"}]},{\"@type\":\"WebSite\",\"@id\":\"https:\/\/sartecolore.pnerudacomercio.es\/#website\",\"url\":\"https:\/\/sartecolore.pnerudacomercio.es\/\",\"name\":\"Sarte Colore\",\"description\":\"Tu proyecto = Nuestro proyecto \",\"publisher\":{\"@id\":\"https:\/\/sartecolore.pnerudacomercio.es\/#organization\"},\"potentialAction\":[{\"@type\":\"SearchAction\",\"target\":{\"@type\":\"EntryPoint\",\"urlTemplate\":\"https:\/\/sartecolore.pnerudacomercio.es\/?s={search_term_string}\"},\"query-input\":{\"@type\":\"PropertyValueSpecification\",\"valueRequired\":true,\"valueName\":\"search_term_string\"}}],\"inLanguage\":\"es\"},{\"@type\":\"Organization\",\"@id\":\"https:\/\/sartecolore.pnerudacomercio.es\/#organization\",\"name\":\"Sarte Colore\",\"url\":\"https:\/\/sartecolore.pnerudacomercio.es\/\",\"logo\":{\"@type\":\"ImageObject\",\"inLanguage\":\"es\",\"@id\":\"https:\/\/sartecolore.pnerudacomercio.es\/#\/schema\/logo\/image\/\",\"url\":\"https:\/\/sartecolore.pnerudacomercio.es\/wp-content\/uploads\/2025\/01\/cropped-logo-largo.png\",\"contentUrl\":\"https:\/\/sartecolore.pnerudacomercio.es\/wp-content\/uploads\/2025\/01\/cropped-logo-largo.png\",\"width\":922,\"height\":270,\"caption\":\"Sarte Colore\"},\"image\":{\"@id\":\"https:\/\/sartecolore.pnerudacomercio.es\/#\/schema\/logo\/image\/\"}}]}<\/script>\n<!-- \/ Yoast SEO plugin. -->","yoast_head_json":{"title":"Sobre el taller - Sarte Colore","description":"Descubre m\u00e1s sobre el taller, compartimos contigo nuestros servicios, novedades, anuncios y promociones. \u00a1Todo en un espacio pensado para ti!","robots":{"index":"index","follow":"follow","max-snippet":"max-snippet:-1","max-image-preview":"max-image-preview:large","max-video-preview":"max-video-preview:-1"},"canonical":"https:\/\/sartecolore.pnerudacomercio.es\/?page_id=353","og_locale":"es_ES","og_type":"article","og_title":"Sobre el taller - Sarte Colore","og_description":"Descubre m\u00e1s sobre el taller, compartimos contigo nuestros servicios, novedades, anuncios y promociones. \u00a1Todo en un espacio pensado para ti!","og_url":"https:\/\/sartecolore.pnerudacomercio.es\/?page_id=353","og_site_name":"Sarte Colore","article_modified_time":"2025-02-11T09:36:22+00:00","og_image":[{"width":1413,"height":223,"url":"https:\/\/sartecolore.pnerudacomercio.es\/wp-content\/uploads\/2023\/01\/2-Patron-mediano-e1736767521239.png","type":"image\/png"}],"twitter_card":"summary_large_image","twitter_misc":{"Tiempo de lectura":"3 minutos"},"schema":{"@context":"https:\/\/schema.org","@graph":[{"@type":"WebPage","@id":"https:\/\/sartecolore.pnerudacomercio.es\/?page_id=353","url":"https:\/\/sartecolore.pnerudacomercio.es\/?page_id=353","name":"Sobre el taller - Sarte Colore","isPartOf":{"@id":"https:\/\/sartecolore.pnerudacomercio.es\/#website"},"primaryImageOfPage":{"@id":"https:\/\/sartecolore.pnerudacomercio.es\/?page_id=353#primaryimage"},"image":{"@id":"https:\/\/sartecolore.pnerudacomercio.es\/?page_id=353#primaryimage"},"thumbnailUrl":"https:\/\/sartecolore.pnerudacomercio.es\/wp-content\/uploads\/2023\/01\/2-Patron-mediano-e1736767521239-1024x162.png","datePublished":"2025-01-19T11:57:10+00:00","dateModified":"2025-02-11T09:36:22+00:00","description":"Descubre m\u00e1s sobre el taller, compartimos contigo nuestros servicios, novedades, anuncios y promociones. \u00a1Todo en un espacio pensado para ti!","breadcrumb":{"@id":"https:\/\/sartecolore.pnerudacomercio.es\/?page_id=353#breadcrumb"},"inLanguage":"es","potentialAction":[{"@type":"ReadAction","target":["https:\/\/sartecolore.pnerudacomercio.es\/?page_id=353"]}]},{"@type":"ImageObject","inLanguage":"es","@id":"https:\/\/sartecolore.pnerudacomercio.es\/?page_id=353#primaryimage","url":"https:\/\/sartecolore.pnerudacomercio.es\/wp-content\/uploads\/2023\/01\/2-Patron-mediano-e1736767521239.png","contentUrl":"https:\/\/sartecolore.pnerudacomercio.es\/wp-content\/uploads\/2023\/01\/2-Patron-mediano-e1736767521239.png","width":1413,"height":223,"caption":"Sarte Colore."},{"@type":"BreadcrumbList","@id":"https:\/\/sartecolore.pnerudacomercio.es\/?page_id=353#breadcrumb","itemListElement":[{"@type":"ListItem","position":1,"name":"Portada","item":"https:\/\/sartecolore.pnerudacomercio.es\/"},{"@type":"ListItem","position":2,"name":"Sobre el taller"}]},{"@type":"WebSite","@id":"https:\/\/sartecolore.pnerudacomercio.es\/#website","url":"https:\/\/sartecolore.pnerudacomercio.es\/","name":"Sarte Colore","description":"Tu proyecto = Nuestro proyecto ","publisher":{"@id":"https:\/\/sartecolore.pnerudacomercio.es\/#organization"},"potentialAction":[{"@type":"SearchAction","target":{"@type":"EntryPoint","urlTemplate":"https:\/\/sartecolore.pnerudacomercio.es\/?s={search_term_string}"},"query-input":{"@type":"PropertyValueSpecification","valueRequired":true,"valueName":"search_term_string"}}],"inLanguage":"es"},{"@type":"Organization","@id":"https:\/\/sartecolore.pnerudacomercio.es\/#organization","name":"Sarte Colore","url":"https:\/\/sartecolore.pnerudacomercio.es\/","logo":{"@type":"ImageObject","inLanguage":"es","@id":"https:\/\/sartecolore.pnerudacomercio.es\/#\/schema\/logo\/image\/","url":"https:\/\/sartecolore.pnerudacomercio.es\/wp-content\/uploads\/2025\/01\/cropped-logo-largo.png","contentUrl":"https:\/\/sartecolore.pnerudacomercio.es\/wp-content\/uploads\/2025\/01\/cropped-logo-largo.png","width":922,"height":270,"caption":"Sarte Colore"},"image":{"@id":"https:\/\/sartecolore.pnerudacomercio.es\/#\/schema\/logo\/image\/"}}]}},"_links":{"self":[{"href":"https:\/\/sartecolore.pnerudacomercio.es\/index.php?rest_route=\/wp\/v2\/pages\/353","targetHints":{"allow":["GET"]}}],"collection":[{"href":"https:\/\/sartecolore.pnerudacomercio.es\/index.php?rest_route=\/wp\/v2\/pages"}],"about":[{"href":"https:\/\/sartecolore.pnerudacomercio.es\/index.php?rest_route=\/wp\/v2\/types\/page"}],"author":[{"embeddable":true,"href":"https:\/\/sartecolore.pnerudacomercio.es\/index.php?rest_route=\/wp\/v2\/users\/1"}],"replies":[{"embeddable":true,"href":"https:\/\/sartecolore.pnerudacomercio.es\/index.php?rest_route=%2Fwp%2Fv2%2Fcomments&post=353"}],"version-history":[{"count":12,"href":"https:\/\/sartecolore.pnerudacomercio.es\/index.php?rest_route=\/wp\/v2\/pages\/353\/revisions"}],"predecessor-version":[{"id":578,"href":"https:\/\/sartecolore.pnerudacomercio.es\/index.php?rest_route=\/wp\/v2\/pages\/353\/revisions\/578"}],"wp:attachment":[{"href":"https:\/\/sartecolore.pnerudacomercio.es\/index.php?rest_route=%2Fwp%2Fv2%2Fmedia&parent=353"}],"curies":[{"name":"wp","href":"https:\/\/api.w.org\/{rel}","templated":true}]}}