{"id":412,"date":"2025-02-05T20:13:14","date_gmt":"2025-02-05T20:13:14","guid":{"rendered":"https:\/\/sartecolore.pnerudacomercio.es\/?page_id=412"},"modified":"2025-02-05T20:13:14","modified_gmt":"2025-02-05T20:13:14","slug":"existe-el-genero-en-la-ropa","status":"publish","type":"page","link":"https:\/\/sartecolore.pnerudacomercio.es\/?page_id=412","title":{"rendered":"\u00bfExiste el g\u00e9nero en la ropa?"},"content":{"rendered":"<p><img loading=\"lazy\" decoding=\"async\" class=\"aligncenter wp-image-106 size-large\" src=\"https:\/\/sartecolore.pnerudacomercio.es\/wp-content\/uploads\/2025\/01\/cropped-1-Patron-grande-1024x198.png\" alt=\"\u00bfExiste el g\u00e9nero en la ropa? - Sarte Colore\" width=\"1024\" height=\"198\" srcset=\"https:\/\/sartecolore.pnerudacomercio.es\/wp-content\/uploads\/2025\/01\/cropped-1-Patron-grande-1024x198.png 1024w, https:\/\/sartecolore.pnerudacomercio.es\/wp-content\/uploads\/2025\/01\/cropped-1-Patron-grande-600x116.png 600w, https:\/\/sartecolore.pnerudacomercio.es\/wp-content\/uploads\/2025\/01\/cropped-1-Patron-grande-300x58.png 300w, https:\/\/sartecolore.pnerudacomercio.es\/wp-content\/uploads\/2025\/01\/cropped-1-Patron-grande-768x149.png 768w, https:\/\/sartecolore.pnerudacomercio.es\/wp-content\/uploads\/2025\/01\/cropped-1-Patron-grande-1536x298.png 1536w, https:\/\/sartecolore.pnerudacomercio.es\/wp-content\/uploads\/2025\/01\/cropped-1-Patron-grande.png 1920w\" sizes=\"auto, (max-width: 1024px) 100vw, 1024px\" \/><\/p>\n<p>La moda ha sido hist\u00f3ricamente un reflejo de la sociedad, sus normas y sus expectativas. Pero en los \u00faltimos a\u00f1os, la pregunta ha tomado m\u00e1s fuerza &lt;&lt;\u00bfExiste el g\u00e9nero en la ropa?&gt;&gt;<\/p>\n<p>Para ello hay que ver distintos puntos:<\/p>\n<p><img loading=\"lazy\" decoding=\"async\" class=\"alignright wp-image-421\" src=\"https:\/\/sartecolore.pnerudacomercio.es\/wp-content\/uploads\/2025\/02\/ropa-unixes.png\" alt=\"\u00bfExiste el g\u00e9nero en la ropa? - Sarte Colore - Unisex\" width=\"206\" height=\"206\" srcset=\"https:\/\/sartecolore.pnerudacomercio.es\/wp-content\/uploads\/2025\/02\/ropa-unixes.png 496w, https:\/\/sartecolore.pnerudacomercio.es\/wp-content\/uploads\/2025\/02\/ropa-unixes-300x300.png 300w, https:\/\/sartecolore.pnerudacomercio.es\/wp-content\/uploads\/2025\/02\/ropa-unixes-150x150.png 150w\" sizes=\"auto, (max-width: 206px) 100vw, 206px\" \/><\/p>\n<h3><strong><span style=\"color: #ff7f50;\">Ropa sin genero, genderless y unisex<\/span><\/strong><\/h3>\n<p>Son prendas que la historia nos han dado (camiseta deportivas, jeans, etc) que funcionan id\u00e9nticamente en hombres como en mujeres, o en cualquier expresi\u00f3n de genero e identidad, eso seria la famosa ropa b\u00e1sica.<\/p>\n<h3><span style=\"color: #ff7f50;\">Ropa con g\u00e9nero por patronaje<\/span><\/h3>\n<p><img loading=\"lazy\" decoding=\"async\" class=\"alignleft wp-image-424\" src=\"https:\/\/sartecolore.pnerudacomercio.es\/wp-content\/uploads\/2025\/02\/patronaje.jpg\" alt=\"\u00bfExiste el g\u00e9nero en la ropa? - Sarte Colore - Patronaje\" width=\"266\" height=\"199\" srcset=\"https:\/\/sartecolore.pnerudacomercio.es\/wp-content\/uploads\/2025\/02\/patronaje.jpg 800w, https:\/\/sartecolore.pnerudacomercio.es\/wp-content\/uploads\/2025\/02\/patronaje-600x450.jpg 600w, https:\/\/sartecolore.pnerudacomercio.es\/wp-content\/uploads\/2025\/02\/patronaje-300x225.jpg 300w, https:\/\/sartecolore.pnerudacomercio.es\/wp-content\/uploads\/2025\/02\/patronaje-768x576.jpg 768w\" sizes=\"auto, (max-width: 266px) 100vw, 266px\" \/><\/p>\n<p>El patronaje es el dibujo t\u00e9cnico, plano al que se arma la prenda dando un resultado a lugares para mangas, cintura, cuello, etc.\u00a0 Tiene que tener estos cortes porque el cuerpo humano es tridimensional, por lo tanto, el molde de costura, las siluetas universales tienen que tener diferentes cortes, ya sea en mujer u hombre. Por ergonom\u00eda y comodidad, por eso hay patronaje masculinos y femeninos que no funcionan del todo bien en la silueta contraria, puesto que a veces los hombros son mas cortos, ola espalda m\u00e1s ancha, generando una especie de efecto visual extra\u00f1o. Obviamente, hablando de est\u00e9tica, proporci\u00f3n y patronaje, el estilo es otra cosa.<\/p>\n<p><img loading=\"lazy\" decoding=\"async\" class=\"alignnone wp-image-428\" src=\"https:\/\/sartecolore.pnerudacomercio.es\/wp-content\/uploads\/2025\/02\/Patronaje-mujer.png\" alt=\"\u00bfExiste el g\u00e9nero en la ropa? - Sarte Colore - Patronaje femenino\" width=\"260\" height=\"215\" srcset=\"https:\/\/sartecolore.pnerudacomercio.es\/wp-content\/uploads\/2025\/02\/Patronaje-mujer.png 623w, https:\/\/sartecolore.pnerudacomercio.es\/wp-content\/uploads\/2025\/02\/Patronaje-mujer-600x497.png 600w, https:\/\/sartecolore.pnerudacomercio.es\/wp-content\/uploads\/2025\/02\/Patronaje-mujer-300x248.png 300w\" sizes=\"auto, (max-width: 260px) 100vw, 260px\" \/><img loading=\"lazy\" decoding=\"async\" class=\"alignnone wp-image-427\" src=\"https:\/\/sartecolore.pnerudacomercio.es\/wp-content\/uploads\/2025\/02\/Patronaje-hombre.png\" alt=\"\u00bfExiste el g\u00e9nero en la ropa? - Sarte Colore - Patronaje masculino\" width=\"260\" height=\"214\" srcset=\"https:\/\/sartecolore.pnerudacomercio.es\/wp-content\/uploads\/2025\/02\/Patronaje-hombre.png 601w, https:\/\/sartecolore.pnerudacomercio.es\/wp-content\/uploads\/2025\/02\/Patronaje-hombre-300x247.png 300w\" sizes=\"auto, (max-width: 260px) 100vw, 260px\" \/><\/p>\n<p>Ya vemos que el patronaje es la forma en como se arma una prenda para un cuerpo masculino o femenino, aunque muchas veces parece que es lo mismo, el patronaje hace que las siluetas queden mejor. Entonces a lo mejor os pregunt\u00e1is que c\u00f3mo se puede usar siluetas sin perder la proporci\u00f3n.<\/p>\n<p><img loading=\"lazy\" decoding=\"async\" class=\"alignnone wp-image-453\" src=\"https:\/\/sartecolore.pnerudacomercio.es\/wp-content\/uploads\/2025\/02\/Emma-Watson-traje-683x1024.jpg\" alt=\"Sarte Colore - Patronaje \" width=\"190\" height=\"285\" srcset=\"https:\/\/sartecolore.pnerudacomercio.es\/wp-content\/uploads\/2025\/02\/Emma-Watson-traje-683x1024.jpg 683w, https:\/\/sartecolore.pnerudacomercio.es\/wp-content\/uploads\/2025\/02\/Emma-Watson-traje-600x900.jpg 600w, https:\/\/sartecolore.pnerudacomercio.es\/wp-content\/uploads\/2025\/02\/Emma-Watson-traje-200x300.jpg 200w, https:\/\/sartecolore.pnerudacomercio.es\/wp-content\/uploads\/2025\/02\/Emma-Watson-traje.jpg 736w\" sizes=\"auto, (max-width: 190px) 100vw, 190px\" \/><img loading=\"lazy\" decoding=\"async\" class=\"alignnone wp-image-454\" src=\"https:\/\/sartecolore.pnerudacomercio.es\/wp-content\/uploads\/2025\/02\/Hombre-traje.jpg\" alt=\"Sarte Colore - Patronaje \" width=\"190\" height=\"285\" srcset=\"https:\/\/sartecolore.pnerudacomercio.es\/wp-content\/uploads\/2025\/02\/Hombre-traje.jpg 467w, https:\/\/sartecolore.pnerudacomercio.es\/wp-content\/uploads\/2025\/02\/Hombre-traje-200x300.jpg 200w\" sizes=\"auto, (max-width: 190px) 100vw, 190px\" \/><\/p>\n<p><img loading=\"lazy\" decoding=\"async\" class=\"alignright wp-image-434\" src=\"https:\/\/sartecolore.pnerudacomercio.es\/wp-content\/uploads\/2025\/02\/oversice.png\" alt=\"Sarte Colore - oversize\" width=\"337\" height=\"168\" srcset=\"https:\/\/sartecolore.pnerudacomercio.es\/wp-content\/uploads\/2025\/02\/oversice.png 772w, https:\/\/sartecolore.pnerudacomercio.es\/wp-content\/uploads\/2025\/02\/oversice-600x299.png 600w, https:\/\/sartecolore.pnerudacomercio.es\/wp-content\/uploads\/2025\/02\/oversice-300x150.png 300w, https:\/\/sartecolore.pnerudacomercio.es\/wp-content\/uploads\/2025\/02\/oversice-768x383.png 768w\" sizes=\"auto, (max-width: 337px) 100vw, 337px\" \/>Con el <em>oversize<\/em>, que es ropa muy ancha. En los a\u00f1os 20 y en los a\u00f1os 80 el patronaje se hace mucho m\u00e1s grande. Por lo tanto, as\u00ed la silueta crea el <em>oversize<\/em>, el mejor aliado <em>genderless<\/em>, este tipo de ropa hace desaparecer la forma del cuerpo.<\/p>\n<h3><\/h3>\n<h3><span style=\"color: #ff7f50;\">Ropa con g\u00e9nero seg\u00fan la sociedad<\/span><\/h3>\n<p><img loading=\"lazy\" decoding=\"async\" class=\"alignright wp-image-443 size-thumbnail\" src=\"https:\/\/sartecolore.pnerudacomercio.es\/wp-content\/uploads\/2025\/02\/tacon-150x150.png\" alt=\"\u00bfExiste el g\u00e9nero en la ropa? - Sarte Colore\" width=\"150\" height=\"150\" srcset=\"https:\/\/sartecolore.pnerudacomercio.es\/wp-content\/uploads\/2025\/02\/tacon-150x150.png 150w, https:\/\/sartecolore.pnerudacomercio.es\/wp-content\/uploads\/2025\/02\/tacon-300x300.png 300w\" sizes=\"auto, (max-width: 150px) 100vw, 150px\" \/><\/p>\n<p>Ver\u00e1n, la historia a veces se a encargado de decirnos qu\u00e9 es masculino y qu\u00e9 es femenino, como los vestidos, tacones o corbatas. Cosa graciosa, porque luego la historia es hip\u00f3critamente contradictoria, como en el caso de los tacones, inventados por el hombre, luego icono femenino, luego regresaron al hombre y luego se fueron, volvieron a lo femenino.<\/p>\n<p><img loading=\"lazy\" decoding=\"async\" class=\"alignleft wp-image-444\" src=\"https:\/\/sartecolore.pnerudacomercio.es\/wp-content\/uploads\/2025\/02\/falda.png\" alt=\"Sarte Colore - Falda de ruedo redondo\" width=\"169\" height=\"178\" srcset=\"https:\/\/sartecolore.pnerudacomercio.es\/wp-content\/uploads\/2025\/02\/falda.png 475w, https:\/\/sartecolore.pnerudacomercio.es\/wp-content\/uploads\/2025\/02\/falda-285x300.png 285w\" sizes=\"auto, (max-width: 169px) 100vw, 169px\" \/><\/p>\n<p>&nbsp;<\/p>\n<p>Otra prenda que se contradice, con los puntos de patronaje y <em>genderless<\/em>, seria la falda, pues la falda de ruedo redondo es <em>genderless,\u00a0<\/em>no tiene pinzas, seria un b\u00e1sico \u00bfno? al final, solo lo usaban los escoceses, antiguamente la minifalda en los a\u00f1os sesenta \u00bfCu\u00e1l es el problema? otra vez la sociedad.<\/p>\n<p>&nbsp;<\/p>\n<h3><em><span style=\"color: #ffe07f;\">Bien repasemos&#8230;<\/span><\/em><\/h3>\n<p>Ya hemos visto la ropa sin g\u00e9nero o <em>genderless<\/em>, pero hay ropa con g\u00e9nero seg\u00fan el patronaje, pero tambi\u00e9n, ropa con g\u00e9nero seg\u00fan la sociedad. Y esta \u00faltima, es la que tristemente nos impone, que es lo que se ve masculino o femenino.<\/p>\n<p>Tambi\u00e9n en la historia ha habido manifestaciones para quitar esto. Un buen ejemplo seria el esmoquin de Isa Logo, pues en los 60 ser\u00eda impensable ver un esmoquin en una mujer.<\/p>\n<p><img loading=\"lazy\" decoding=\"async\" class=\"aligncenter wp-image-450\" src=\"https:\/\/sartecolore.pnerudacomercio.es\/wp-content\/uploads\/2025\/02\/Isa-Logo.png\" alt=\"\u00bfExiste el g\u00e9nero en la ropa? - Sarte Colore - Isa Logo\" width=\"218\" height=\"331\" srcset=\"https:\/\/sartecolore.pnerudacomercio.es\/wp-content\/uploads\/2025\/02\/Isa-Logo.png 398w, https:\/\/sartecolore.pnerudacomercio.es\/wp-content\/uploads\/2025\/02\/Isa-Logo-197x300.png 197w\" sizes=\"auto, (max-width: 218px) 100vw, 218px\" \/><\/p>\n<p><img loading=\"lazy\" decoding=\"async\" class=\"alignright wp-image-451\" src=\"https:\/\/sartecolore.pnerudacomercio.es\/wp-content\/uploads\/2025\/02\/queer.jpg\" alt=\"\u00bfExiste el g\u00e9nero en la ropa? - Sarte Colore - Queer\" width=\"336\" height=\"189\" srcset=\"https:\/\/sartecolore.pnerudacomercio.es\/wp-content\/uploads\/2025\/02\/queer.jpg 512w, https:\/\/sartecolore.pnerudacomercio.es\/wp-content\/uploads\/2025\/02\/queer-300x169.jpg 300w\" sizes=\"auto, (max-width: 336px) 100vw, 336px\" \/><\/p>\n<p>&nbsp;<\/p>\n<p>Tambi\u00e9n ha habido manifestaciones por quitar lo negativo como en los 70-80, donde los gays ten\u00edan que verse \u00abmasculinos\u00bb, si no, no eran bien vistos. De ah\u00ed el estilo <em>queer<\/em> para romper estos paradigmas. Lo que nos lleva a la actualidad y a la siguiente afirmaci\u00f3n:<br \/>\n<em><strong>\u2014 S\u00ed, v\u00edstete como quieras, como te identifiques y te haga feliz, pero, solo cuida la forma y el patronaje de esa prenda para que te haga justicia y saque la mejor versi\u00f3n de ti, de tu figura.<\/strong><\/em><\/p>\n<p>Ahora, si esa prenda, seg\u00fan la sociedad no te va, porque no es de tu g\u00e9nero, no hagas caso, no dejes que te etiqueten. S\u00e9 t\u00fa mismo y no dejes que la sociedad te condicione.<\/p>\n<h3><span style=\"color: #ffe07f;\">Asique respondiendo a <\/span><\/h3>\n<h3><span style=\"color: #ffe07f;\">&lt;&lt;\u00bfExiste el g\u00e9nero en la ropa?&gt;&gt;, podemos decir:<\/span><\/h3>\n<p>Las prendas s\u00ed tienen genero para adaptarse a ciertos cuerpos, pero depende de estos cuerpos querer romper lo establecido por la opini\u00f3n de la sociedad, que nada tiene que ver con el patronaje.<\/p>\n<p>\u00d3sea, NO hay genero, sino tama\u00f1o, forma y volumen.<\/p>\n<div id=\"kad-wp-gallery30\" class=\"kad-wp-gallery kad-light-wp-gallery clearfix kt-gallery-column-1 rowtight\"><div class=\"tcol-lg-12 tcol-md-12 tcol-sm-12 tcol-xs-12 tcol-ss-12 g_item\"><div class=\"grid_item kad_gallery_fade_in gallery_item\"><a href=\"https:\/\/sartecolore.pnerudacomercio.es\/wp-content\/uploads\/2025\/02\/Frase-e1738786205198.png\" data-rel=\"lightbox\" class=\"lightboxhover\"><img loading=\"lazy\" decoding=\"async\" src=\"https:\/\/sartecolore.pnerudacomercio.es\/wp-content\/uploads\/2025\/02\/Frase-e1738786205198.png\" width=\"1500\" height=\"398\" alt=\"\" srcset=\"https:\/\/sartecolore.pnerudacomercio.es\/wp-content\/uploads\/2025\/02\/Frase-e1738786205198.png 1500w, https:\/\/sartecolore.pnerudacomercio.es\/wp-content\/uploads\/2025\/02\/Frase-e1738786205198-600x159.png 600w, https:\/\/sartecolore.pnerudacomercio.es\/wp-content\/uploads\/2025\/02\/Frase-e1738786205198-300x80.png 300w, https:\/\/sartecolore.pnerudacomercio.es\/wp-content\/uploads\/2025\/02\/Frase-e1738786205198-1024x272.png 1024w, https:\/\/sartecolore.pnerudacomercio.es\/wp-content\/uploads\/2025\/02\/Frase-e1738786205198-768x204.png 768w\" sizes=\"auto, (max-width: 1500px) 100vw, 1500px\" class=\"light-dropshaddow\"\/><\/a><\/div><\/div><div class=\"tcol-lg-12 tcol-md-12 tcol-sm-12 tcol-xs-12 tcol-ss-12 g_item\"><div class=\"grid_item kad_gallery_fade_in gallery_item\"><a href=\"https:\/\/sartecolore.pnerudacomercio.es\/wp-content\/uploads\/2025\/01\/cropped-1-Patron-grande.png\" data-rel=\"lightbox\" class=\"lightboxhover\"><img loading=\"lazy\" decoding=\"async\" src=\"https:\/\/sartecolore.pnerudacomercio.es\/wp-content\/uploads\/2025\/01\/cropped-1-Patron-grande.png\" width=\"1920\" height=\"372\" alt=\"\" srcset=\"https:\/\/sartecolore.pnerudacomercio.es\/wp-content\/uploads\/2025\/01\/cropped-1-Patron-grande.png 1920w, https:\/\/sartecolore.pnerudacomercio.es\/wp-content\/uploads\/2025\/01\/cropped-1-Patron-grande-600x116.png 600w, https:\/\/sartecolore.pnerudacomercio.es\/wp-content\/uploads\/2025\/01\/cropped-1-Patron-grande-300x58.png 300w, https:\/\/sartecolore.pnerudacomercio.es\/wp-content\/uploads\/2025\/01\/cropped-1-Patron-grande-1024x198.png 1024w, https:\/\/sartecolore.pnerudacomercio.es\/wp-content\/uploads\/2025\/01\/cropped-1-Patron-grande-768x149.png 768w, https:\/\/sartecolore.pnerudacomercio.es\/wp-content\/uploads\/2025\/01\/cropped-1-Patron-grande-1536x298.png 1536w\" sizes=\"auto, (max-width: 1920px) 100vw, 1920px\" class=\"light-dropshaddow\"\/><\/a><\/div><\/div><\/div>\n","protected":false},"excerpt":{"rendered":"<p>La moda ha sido hist\u00f3ricamente un reflejo de la sociedad, sus normas y sus expectativas. Pero en los \u00faltimos a\u00f1os, la pregunta ha tomado m\u00e1s fuerza &lt;&lt;\u00bfExiste el g\u00e9nero en&hellip;<\/p>\n","protected":false},"author":1,"featured_media":413,"parent":0,"menu_order":0,"comment_status":"closed","ping_status":"closed","template":"","meta":{"footnotes":""},"class_list":["post-412","page","type-page","status-publish","has-post-thumbnail","hentry"],"yoast_head":"<!-- This site is optimized with the Yoast SEO plugin v24.2 - https:\/\/yoast.com\/wordpress\/plugins\/seo\/ -->\n<title>\u00bfExiste el g\u00e9nero en la ropa? - Sarte Colore<\/title>\n<meta name=\"description\" content=\"La moda refleja normas sociales, pero el patronaje y la sociedad han influido en su percepci\u00f3n. Pero \u00bfexiste el g\u00e9nero en la ropa?\" \/>\n<meta name=\"robots\" content=\"index, follow, max-snippet:-1, max-image-preview:large, max-video-preview:-1\" \/>\n<link rel=\"canonical\" href=\"https:\/\/sartecolore.pnerudacomercio.es\/?page_id=412\" \/>\n<meta property=\"og:locale\" content=\"es_ES\" \/>\n<meta property=\"og:type\" content=\"article\" \/>\n<meta property=\"og:title\" content=\"\u00bfExiste el g\u00e9nero en la ropa? - Sarte Colore\" \/>\n<meta property=\"og:description\" content=\"La moda refleja normas sociales, pero el patronaje y la sociedad han influido en su percepci\u00f3n. Pero \u00bfexiste el g\u00e9nero en la ropa?\" \/>\n<meta property=\"og:url\" content=\"https:\/\/sartecolore.pnerudacomercio.es\/?page_id=412\" \/>\n<meta property=\"og:site_name\" content=\"Sarte Colore\" \/>\n<meta property=\"og:image\" content=\"https:\/\/sartecolore.pnerudacomercio.es\/wp-content\/uploads\/2025\/02\/Genero-en-la-ropa.jpg\" \/>\n\t<meta property=\"og:image:width\" content=\"874\" \/>\n\t<meta property=\"og:image:height\" content=\"547\" \/>\n\t<meta property=\"og:image:type\" content=\"image\/jpeg\" \/>\n<meta name=\"twitter:card\" content=\"summary_large_image\" \/>\n<meta name=\"twitter:label1\" content=\"Tiempo de lectura\" \/>\n\t<meta name=\"twitter:data1\" content=\"6 minutos\" \/>\n<script type=\"application\/ld+json\" class=\"yoast-schema-graph\">{\"@context\":\"https:\/\/schema.org\",\"@graph\":[{\"@type\":\"WebPage\",\"@id\":\"https:\/\/sartecolore.pnerudacomercio.es\/?page_id=412\",\"url\":\"https:\/\/sartecolore.pnerudacomercio.es\/?page_id=412\",\"name\":\"\u00bfExiste el g\u00e9nero en la ropa? - Sarte Colore\",\"isPartOf\":{\"@id\":\"https:\/\/sartecolore.pnerudacomercio.es\/#website\"},\"primaryImageOfPage\":{\"@id\":\"https:\/\/sartecolore.pnerudacomercio.es\/?page_id=412#primaryimage\"},\"image\":{\"@id\":\"https:\/\/sartecolore.pnerudacomercio.es\/?page_id=412#primaryimage\"},\"thumbnailUrl\":\"https:\/\/sartecolore.pnerudacomercio.es\/wp-content\/uploads\/2025\/02\/Genero-en-la-ropa.jpg\",\"datePublished\":\"2025-02-05T20:13:14+00:00\",\"dateModified\":\"2025-02-05T20:13:14+00:00\",\"description\":\"La moda refleja normas sociales, pero el patronaje y la sociedad han influido en su percepci\u00f3n. Pero \u00bfexiste el g\u00e9nero en la ropa?\",\"breadcrumb\":{\"@id\":\"https:\/\/sartecolore.pnerudacomercio.es\/?page_id=412#breadcrumb\"},\"inLanguage\":\"es\",\"potentialAction\":[{\"@type\":\"ReadAction\",\"target\":[\"https:\/\/sartecolore.pnerudacomercio.es\/?page_id=412\"]}]},{\"@type\":\"ImageObject\",\"inLanguage\":\"es\",\"@id\":\"https:\/\/sartecolore.pnerudacomercio.es\/?page_id=412#primaryimage\",\"url\":\"https:\/\/sartecolore.pnerudacomercio.es\/wp-content\/uploads\/2025\/02\/Genero-en-la-ropa.jpg\",\"contentUrl\":\"https:\/\/sartecolore.pnerudacomercio.es\/wp-content\/uploads\/2025\/02\/Genero-en-la-ropa.jpg\",\"width\":874,\"height\":547,\"caption\":\"\u00bfExiste el g\u00e9nero en la ropa? - Sarte Colore\"},{\"@type\":\"BreadcrumbList\",\"@id\":\"https:\/\/sartecolore.pnerudacomercio.es\/?page_id=412#breadcrumb\",\"itemListElement\":[{\"@type\":\"ListItem\",\"position\":1,\"name\":\"Portada\",\"item\":\"https:\/\/sartecolore.pnerudacomercio.es\/\"},{\"@type\":\"ListItem\",\"position\":2,\"name\":\"\u00bfExiste el g\u00e9nero en la ropa?\"}]},{\"@type\":\"WebSite\",\"@id\":\"https:\/\/sartecolore.pnerudacomercio.es\/#website\",\"url\":\"https:\/\/sartecolore.pnerudacomercio.es\/\",\"name\":\"Sarte Colore\",\"description\":\"Tu proyecto = Nuestro proyecto \",\"publisher\":{\"@id\":\"https:\/\/sartecolore.pnerudacomercio.es\/#organization\"},\"potentialAction\":[{\"@type\":\"SearchAction\",\"target\":{\"@type\":\"EntryPoint\",\"urlTemplate\":\"https:\/\/sartecolore.pnerudacomercio.es\/?s={search_term_string}\"},\"query-input\":{\"@type\":\"PropertyValueSpecification\",\"valueRequired\":true,\"valueName\":\"search_term_string\"}}],\"inLanguage\":\"es\"},{\"@type\":\"Organization\",\"@id\":\"https:\/\/sartecolore.pnerudacomercio.es\/#organization\",\"name\":\"Sarte Colore\",\"url\":\"https:\/\/sartecolore.pnerudacomercio.es\/\",\"logo\":{\"@type\":\"ImageObject\",\"inLanguage\":\"es\",\"@id\":\"https:\/\/sartecolore.pnerudacomercio.es\/#\/schema\/logo\/image\/\",\"url\":\"https:\/\/sartecolore.pnerudacomercio.es\/wp-content\/uploads\/2025\/01\/cropped-logo-largo.png\",\"contentUrl\":\"https:\/\/sartecolore.pnerudacomercio.es\/wp-content\/uploads\/2025\/01\/cropped-logo-largo.png\",\"width\":922,\"height\":270,\"caption\":\"Sarte Colore\"},\"image\":{\"@id\":\"https:\/\/sartecolore.pnerudacomercio.es\/#\/schema\/logo\/image\/\"}}]}<\/script>\n<!-- \/ Yoast SEO plugin. -->","yoast_head_json":{"title":"\u00bfExiste el g\u00e9nero en la ropa? - Sarte Colore","description":"La moda refleja normas sociales, pero el patronaje y la sociedad han influido en su percepci\u00f3n. Pero \u00bfexiste el g\u00e9nero en la ropa?","robots":{"index":"index","follow":"follow","max-snippet":"max-snippet:-1","max-image-preview":"max-image-preview:large","max-video-preview":"max-video-preview:-1"},"canonical":"https:\/\/sartecolore.pnerudacomercio.es\/?page_id=412","og_locale":"es_ES","og_type":"article","og_title":"\u00bfExiste el g\u00e9nero en la ropa? - Sarte Colore","og_description":"La moda refleja normas sociales, pero el patronaje y la sociedad han influido en su percepci\u00f3n. Pero \u00bfexiste el g\u00e9nero en la ropa?","og_url":"https:\/\/sartecolore.pnerudacomercio.es\/?page_id=412","og_site_name":"Sarte Colore","og_image":[{"width":874,"height":547,"url":"https:\/\/sartecolore.pnerudacomercio.es\/wp-content\/uploads\/2025\/02\/Genero-en-la-ropa.jpg","type":"image\/jpeg"}],"twitter_card":"summary_large_image","twitter_misc":{"Tiempo de lectura":"6 minutos"},"schema":{"@context":"https:\/\/schema.org","@graph":[{"@type":"WebPage","@id":"https:\/\/sartecolore.pnerudacomercio.es\/?page_id=412","url":"https:\/\/sartecolore.pnerudacomercio.es\/?page_id=412","name":"\u00bfExiste el g\u00e9nero en la ropa? - Sarte Colore","isPartOf":{"@id":"https:\/\/sartecolore.pnerudacomercio.es\/#website"},"primaryImageOfPage":{"@id":"https:\/\/sartecolore.pnerudacomercio.es\/?page_id=412#primaryimage"},"image":{"@id":"https:\/\/sartecolore.pnerudacomercio.es\/?page_id=412#primaryimage"},"thumbnailUrl":"https:\/\/sartecolore.pnerudacomercio.es\/wp-content\/uploads\/2025\/02\/Genero-en-la-ropa.jpg","datePublished":"2025-02-05T20:13:14+00:00","dateModified":"2025-02-05T20:13:14+00:00","description":"La moda refleja normas sociales, pero el patronaje y la sociedad han influido en su percepci\u00f3n. Pero \u00bfexiste el g\u00e9nero en la ropa?","breadcrumb":{"@id":"https:\/\/sartecolore.pnerudacomercio.es\/?page_id=412#breadcrumb"},"inLanguage":"es","potentialAction":[{"@type":"ReadAction","target":["https:\/\/sartecolore.pnerudacomercio.es\/?page_id=412"]}]},{"@type":"ImageObject","inLanguage":"es","@id":"https:\/\/sartecolore.pnerudacomercio.es\/?page_id=412#primaryimage","url":"https:\/\/sartecolore.pnerudacomercio.es\/wp-content\/uploads\/2025\/02\/Genero-en-la-ropa.jpg","contentUrl":"https:\/\/sartecolore.pnerudacomercio.es\/wp-content\/uploads\/2025\/02\/Genero-en-la-ropa.jpg","width":874,"height":547,"caption":"\u00bfExiste el g\u00e9nero en la ropa? - Sarte Colore"},{"@type":"BreadcrumbList","@id":"https:\/\/sartecolore.pnerudacomercio.es\/?page_id=412#breadcrumb","itemListElement":[{"@type":"ListItem","position":1,"name":"Portada","item":"https:\/\/sartecolore.pnerudacomercio.es\/"},{"@type":"ListItem","position":2,"name":"\u00bfExiste el g\u00e9nero en la ropa?"}]},{"@type":"WebSite","@id":"https:\/\/sartecolore.pnerudacomercio.es\/#website","url":"https:\/\/sartecolore.pnerudacomercio.es\/","name":"Sarte Colore","description":"Tu proyecto = Nuestro proyecto ","publisher":{"@id":"https:\/\/sartecolore.pnerudacomercio.es\/#organization"},"potentialAction":[{"@type":"SearchAction","target":{"@type":"EntryPoint","urlTemplate":"https:\/\/sartecolore.pnerudacomercio.es\/?s={search_term_string}"},"query-input":{"@type":"PropertyValueSpecification","valueRequired":true,"valueName":"search_term_string"}}],"inLanguage":"es"},{"@type":"Organization","@id":"https:\/\/sartecolore.pnerudacomercio.es\/#organization","name":"Sarte Colore","url":"https:\/\/sartecolore.pnerudacomercio.es\/","logo":{"@type":"ImageObject","inLanguage":"es","@id":"https:\/\/sartecolore.pnerudacomercio.es\/#\/schema\/logo\/image\/","url":"https:\/\/sartecolore.pnerudacomercio.es\/wp-content\/uploads\/2025\/01\/cropped-logo-largo.png","contentUrl":"https:\/\/sartecolore.pnerudacomercio.es\/wp-content\/uploads\/2025\/01\/cropped-logo-largo.png","width":922,"height":270,"caption":"Sarte Colore"},"image":{"@id":"https:\/\/sartecolore.pnerudacomercio.es\/#\/schema\/logo\/image\/"}}]}},"_links":{"self":[{"href":"https:\/\/sartecolore.pnerudacomercio.es\/index.php?rest_route=\/wp\/v2\/pages\/412","targetHints":{"allow":["GET"]}}],"collection":[{"href":"https:\/\/sartecolore.pnerudacomercio.es\/index.php?rest_route=\/wp\/v2\/pages"}],"about":[{"href":"https:\/\/sartecolore.pnerudacomercio.es\/index.php?rest_route=\/wp\/v2\/types\/page"}],"author":[{"embeddable":true,"href":"https:\/\/sartecolore.pnerudacomercio.es\/index.php?rest_route=\/wp\/v2\/users\/1"}],"replies":[{"embeddable":true,"href":"https:\/\/sartecolore.pnerudacomercio.es\/index.php?rest_route=%2Fwp%2Fv2%2Fcomments&post=412"}],"version-history":[{"count":33,"href":"https:\/\/sartecolore.pnerudacomercio.es\/index.php?rest_route=\/wp\/v2\/pages\/412\/revisions"}],"predecessor-version":[{"id":458,"href":"https:\/\/sartecolore.pnerudacomercio.es\/index.php?rest_route=\/wp\/v2\/pages\/412\/revisions\/458"}],"wp:featuredmedia":[{"embeddable":true,"href":"https:\/\/sartecolore.pnerudacomercio.es\/index.php?rest_route=\/wp\/v2\/media\/413"}],"wp:attachment":[{"href":"https:\/\/sartecolore.pnerudacomercio.es\/index.php?rest_route=%2Fwp%2Fv2%2Fmedia&parent=412"}],"curies":[{"name":"wp","href":"https:\/\/api.w.org\/{rel}","templated":true}]}}