{"id":403,"date":"2025-01-23T12:23:34","date_gmt":"2025-01-23T12:23:34","guid":{"rendered":"https:\/\/sartecolore.pnerudacomercio.es\/?post_type=product&#038;p=403"},"modified":"2025-02-26T14:54:52","modified_gmt":"2025-02-26T14:54:52","slug":"forro-raso-rayon-lila","status":"publish","type":"product","link":"https:\/\/sartecolore.pnerudacomercio.es\/?product=forro-raso-rayon-lila","title":{"rendered":"Forro de Raso Ray\u00f3n"},"content":{"rendered":"<h3><strong><span style=\"vertical-align: inherit;\"><span style=\"vertical-align: inherit;\">Forro de Raso Ray\u00f3n<\/span><\/span><\/strong><span style=\"vertical-align: inherit;\"><span style=\"vertical-align: inherit;\">\u00a0\u2013 Elegancia y suavidad para tus proyectos de costura<\/span><\/span><\/h3>\n<div><span style=\"vertical-align: inherit;\"><span style=\"vertical-align: inherit;\">Descubre nuestro elegante forro de raso ray\u00f3n, una tela de alta calidad con un acabado satinado que aporta un toque c\u00f3modo y distinguido a cualquier proyecto de confecci\u00f3n. Este tejido combina suavidad, ligereza y una excelente transpirabilidad, convirti\u00e9ndolo en la opci\u00f3n ideal para prendas c\u00f3modas y funcionales.<\/span><\/span><\/div>\n<div><\/div>\n<div><span style=\"vertical-align: inherit;\"><span style=\"vertical-align: inherit;\">El forro de raso no solo protege tus prendas, sino que tambi\u00e9n garantiza un acabado impecable al evitar transparencias no deseadas. Su versatilidad lo hace perfecto para una amplia variedad de usos, como:<\/span><\/span><\/div>\n<div><span style=\"vertical-align: inherit;\"><span style=\"vertical-align: inherit;\">\u2022Forros de vestidos: A\u00f1ade elegancia y estructura a tus dise\u00f1os.<\/span><\/span><\/div>\n<div><span style=\"vertical-align: inherit;\"><span style=\"vertical-align: inherit;\">\u2022Forros de chaquetas y abrigos: Proporcionan suavidad y comodidad al interior de tus prendas.<\/span><\/span><\/div>\n<div><span style=\"vertical-align: inherit;\"><span style=\"vertical-align: inherit;\">\u2022Forros de bolsos y accesorios: Da un acabado de lujo a tus complementos.<\/span><\/span><\/div>\n<div><\/div>\n<table id=\"product-attribute-specs-table\" class=\"data table additional-attributes\">\n<tbody>\n<tr>\n<th class=\"col label\" scope=\"row\"><span style=\"vertical-align: inherit;\"><span style=\"vertical-align: inherit;\">Ancho<\/span><\/span><\/th>\n<td class=\"col data\" data-th=\"Ancho\"><span style=\"vertical-align: inherit;\"><span style=\"vertical-align: inherit;\">140 cent\u00edmetros<\/span><\/span><\/td>\n<\/tr>\n<tr>\n<th class=\"col label\" scope=\"row\"><span style=\"vertical-align: inherit;\"><span style=\"vertical-align: inherit;\">Ca\u00edda<\/span><\/span><\/th>\n<td class=\"col data\" data-th=\"Ca\u00edda\"><span style=\"vertical-align: inherit;\"><span style=\"vertical-align: inherit;\">Ca\u00edda<\/span><\/span><\/td>\n<\/tr>\n<tr>\n<th class=\"col label\" scope=\"row\"><span style=\"vertical-align: inherit;\"><span style=\"vertical-align: inherit;\">Composici\u00f3n<\/span><\/span><\/th>\n<td class=\"col data\" data-th=\"Composici\u00f3n\"><span style=\"vertical-align: inherit;\"><span style=\"vertical-align: inherit;\">Ray\u00f3n 100%<\/span><\/span><\/td>\n<\/tr>\n<tr>\n<th class=\"col label\" scope=\"row\"><span style=\"vertical-align: inherit;\"><span style=\"vertical-align: inherit;\">Tipos de tela<\/span><\/span><\/th>\n<td class=\"col data\" data-th=\"Tipos de tela\"><span style=\"vertical-align: inherit;\"><span style=\"vertical-align: inherit;\">Forro<\/span><\/span><\/td>\n<\/tr>\n<tr>\n<th class=\"col label\" scope=\"row\"><span style=\"vertical-align: inherit;\"><span style=\"vertical-align: inherit;\">Peso aproximado<\/span><\/span><\/th>\n<td class=\"col data\" data-th=\"Peso Aproximado\"><span style=\"vertical-align: inherit;\"><span style=\"vertical-align: inherit;\">119 gr\/m\u00b2<\/span><\/span><\/td>\n<\/tr>\n<tr>\n<th class=\"col label\" scope=\"row\"><span style=\"vertical-align: inherit;\"><span style=\"vertical-align: inherit;\">Tela indicada para<\/span><\/span><\/th>\n<td class=\"col data\" data-th=\"Tela indicada para\"><span style=\"vertical-align: inherit;\"><span style=\"vertical-align: inherit;\">forro<\/span><\/span><\/td>\n<\/tr>\n<tr>\n<th class=\"col label\" scope=\"row\"><span style=\"vertical-align: inherit;\"><span style=\"vertical-align: inherit;\">Textura<\/span><\/span><\/th>\n<td class=\"col data\" data-th=\"Textura\"><span style=\"vertical-align: inherit;\"><span style=\"vertical-align: inherit;\">Afable<\/span><\/span><\/td>\n<\/tr>\n<\/tbody>\n<\/table>\n<p><img loading=\"lazy\" decoding=\"async\" class=\"alignnone\" title=\"LAVAR A M\u00c1QUINA M\u00c1XIMO 30\u00baC\" src=\"https:\/\/www.ribescasals.com\/static\/version1737052535\/frontend\/Pearl\/weltpixel_custom\/es_ES\/images\/wash\/115.png\" alt=\"Forro de Raso Ray\u00f3n - LAVAR A M\u00c1QUINA M\u00c1XIMO 30\u00baC\" width=\"50\" height=\"321\" \/><img loading=\"lazy\" decoding=\"async\" class=\"alignnone\" title=\"NO LAVAR EN SECO\" src=\"https:\/\/www.ribescasals.com\/static\/version1737052535\/frontend\/Pearl\/weltpixel_custom\/es_ES\/images\/wash\/125.png\" alt=\"Forro de Raso Ray\u00f3n - NO LAVAR EN SECO\" width=\"50\" height=\"224\" \/><img loading=\"lazy\" decoding=\"async\" class=\"alignnone\" title=\"SE PUEDE LAVAR EN SECO CON PERCLOETILENO\" src=\"https:\/\/www.ribescasals.com\/static\/version1737052535\/frontend\/Pearl\/weltpixel_custom\/es_ES\/images\/wash\/126.png\" alt=\"Forro de Raso Ray\u00f3n - SE PUEDE LAVAR EN SECO CON PERCLOETILENO\" width=\"50\" height=\"6450\" \/><\/p>\n","protected":false},"excerpt":{"rendered":"<p><em><span style=\"vertical-align: inherit;\"><span style=\"vertical-align: inherit;\">Forro de raso de ray\u00f3n. La tela de Ray\u00f3n, es un tejido de gran calidad y con acabado satinado muy elegante, suave, ligero y totalmente transpirable. El tejido de forro de raso, es utilizado para forrar todo tipo de prendas ya sea a modo de protecci\u00f3n o para evitar transparencias no deseadas. Tela ideal para usar como forro de vestidos, forros de chaqueta, forro de abrigo, forro para bolsos, y m\u00e1s.<\/span><\/span><\/em><\/p>\n","protected":false},"featured_media":477,"comment_status":"open","ping_status":"closed","template":"","meta":[],"product_cat":[32,19],"product_tag":[37,38,34,30,31,29,39,20,36,35],"class_list":{"0":"post-403","1":"product","2":"type-product","3":"status-publish","4":"has-post-thumbnail","6":"product_cat-rayon","7":"product_cat-telas","8":"product_tag-buganvilla","9":"product_tag-elegancia","10":"product_tag-forro","11":"product_tag-lila","12":"product_tag-raso","13":"product_tag-rayon","14":"product_tag-suavidad","15":"product_tag-telas","16":"product_tag-verde-manzana","17":"product_tag-verde-oscuro","18":"product_shipping_class-material-delicado","20":"first","21":"instock","22":"shipping-taxable","23":"purchasable","24":"product-type-variable"},"yoast_head":"<!-- This site is optimized with the Yoast SEO plugin v24.2 - https:\/\/yoast.com\/wordpress\/plugins\/seo\/ -->\n<title>Forro de Raso Ray\u00f3n - Sarte Colore<\/title>\n<meta name=\"description\" content=\"Forro de raso de ray\u00f3n: tela satinada de alta calidad, suave, ligera y transpirable. Ideal para forrar vestidos, chaquetas, bolsos y m\u00e1s, ofreciendo elegancia y protecci\u00f3n.\" \/>\n<meta name=\"robots\" content=\"index, follow, max-snippet:-1, max-image-preview:large, max-video-preview:-1\" \/>\n<link rel=\"canonical\" href=\"https:\/\/sartecolore.pnerudacomercio.es\/?product=forro-raso-rayon-lila\" \/>\n<meta property=\"og:locale\" content=\"es_ES\" \/>\n<meta property=\"og:type\" content=\"article\" \/>\n<meta property=\"og:title\" content=\"Forro de Raso Ray\u00f3n - Sarte Colore\" \/>\n<meta property=\"og:description\" content=\"Forro de raso de ray\u00f3n: tela satinada de alta calidad, suave, ligera y transpirable. Ideal para forrar vestidos, chaquetas, bolsos y m\u00e1s, ofreciendo elegancia y protecci\u00f3n.\" \/>\n<meta property=\"og:url\" content=\"https:\/\/sartecolore.pnerudacomercio.es\/?product=forro-raso-rayon-lila\" \/>\n<meta property=\"og:site_name\" content=\"Sarte Colore\" \/>\n<meta property=\"article:modified_time\" content=\"2025-02-26T14:54:52+00:00\" \/>\n<meta property=\"og:image\" content=\"https:\/\/sartecolore.pnerudacomercio.es\/wp-content\/uploads\/2025\/01\/Telas-rayon-1-1024x1024.png\" \/>\n\t<meta property=\"og:image:width\" content=\"1024\" \/>\n\t<meta property=\"og:image:height\" content=\"1024\" \/>\n\t<meta property=\"og:image:type\" content=\"image\/png\" \/>\n<meta name=\"twitter:card\" content=\"summary_large_image\" \/>\n<meta name=\"twitter:label1\" content=\"Tiempo de lectura\" \/>\n\t<meta name=\"twitter:data1\" content=\"2 minutos\" \/>\n<script type=\"application\/ld+json\" class=\"yoast-schema-graph\">{\"@context\":\"https:\/\/schema.org\",\"@graph\":[{\"@type\":\"WebPage\",\"@id\":\"https:\/\/sartecolore.pnerudacomercio.es\/?product=forro-raso-rayon-lila\",\"url\":\"https:\/\/sartecolore.pnerudacomercio.es\/?product=forro-raso-rayon-lila\",\"name\":\"Forro de Raso Ray\u00f3n - Sarte Colore\",\"isPartOf\":{\"@id\":\"https:\/\/sartecolore.pnerudacomercio.es\/#website\"},\"primaryImageOfPage\":{\"@id\":\"https:\/\/sartecolore.pnerudacomercio.es\/?product=forro-raso-rayon-lila#primaryimage\"},\"image\":{\"@id\":\"https:\/\/sartecolore.pnerudacomercio.es\/?product=forro-raso-rayon-lila#primaryimage\"},\"thumbnailUrl\":\"https:\/\/sartecolore.pnerudacomercio.es\/wp-content\/uploads\/2025\/01\/Telas-rayon-1.png\",\"datePublished\":\"2025-01-23T12:23:34+00:00\",\"dateModified\":\"2025-02-26T14:54:52+00:00\",\"description\":\"Forro de raso de ray\u00f3n: tela satinada de alta calidad, suave, ligera y transpirable. Ideal para forrar vestidos, chaquetas, bolsos y m\u00e1s, ofreciendo elegancia y protecci\u00f3n.\",\"breadcrumb\":{\"@id\":\"https:\/\/sartecolore.pnerudacomercio.es\/?product=forro-raso-rayon-lila#breadcrumb\"},\"inLanguage\":\"es\",\"potentialAction\":[{\"@type\":\"ReadAction\",\"target\":[\"https:\/\/sartecolore.pnerudacomercio.es\/?product=forro-raso-rayon-lila\"]}]},{\"@type\":\"ImageObject\",\"inLanguage\":\"es\",\"@id\":\"https:\/\/sartecolore.pnerudacomercio.es\/?product=forro-raso-rayon-lila#primaryimage\",\"url\":\"https:\/\/sartecolore.pnerudacomercio.es\/wp-content\/uploads\/2025\/01\/Telas-rayon-1.png\",\"contentUrl\":\"https:\/\/sartecolore.pnerudacomercio.es\/wp-content\/uploads\/2025\/01\/Telas-rayon-1.png\",\"width\":1654,\"height\":1654,\"caption\":\"Telas ray\u00f3n - Sarte Colore\"},{\"@type\":\"BreadcrumbList\",\"@id\":\"https:\/\/sartecolore.pnerudacomercio.es\/?product=forro-raso-rayon-lila#breadcrumb\",\"itemListElement\":[{\"@type\":\"ListItem\",\"position\":1,\"name\":\"Portada\",\"item\":\"https:\/\/sartecolore.pnerudacomercio.es\/\"},{\"@type\":\"ListItem\",\"position\":2,\"name\":\"Shop\",\"item\":\"https:\/\/sartecolore.pnerudacomercio.es\/?page_id=279\"},{\"@type\":\"ListItem\",\"position\":3,\"name\":\"Forro de Raso Ray\u00f3n\"}]},{\"@type\":\"WebSite\",\"@id\":\"https:\/\/sartecolore.pnerudacomercio.es\/#website\",\"url\":\"https:\/\/sartecolore.pnerudacomercio.es\/\",\"name\":\"Sarte Colore\",\"description\":\"Tu proyecto = Nuestro proyecto \",\"publisher\":{\"@id\":\"https:\/\/sartecolore.pnerudacomercio.es\/#organization\"},\"potentialAction\":[{\"@type\":\"SearchAction\",\"target\":{\"@type\":\"EntryPoint\",\"urlTemplate\":\"https:\/\/sartecolore.pnerudacomercio.es\/?s={search_term_string}\"},\"query-input\":{\"@type\":\"PropertyValueSpecification\",\"valueRequired\":true,\"valueName\":\"search_term_string\"}}],\"inLanguage\":\"es\"},{\"@type\":\"Organization\",\"@id\":\"https:\/\/sartecolore.pnerudacomercio.es\/#organization\",\"name\":\"Sarte Colore\",\"url\":\"https:\/\/sartecolore.pnerudacomercio.es\/\",\"logo\":{\"@type\":\"ImageObject\",\"inLanguage\":\"es\",\"@id\":\"https:\/\/sartecolore.pnerudacomercio.es\/#\/schema\/logo\/image\/\",\"url\":\"https:\/\/sartecolore.pnerudacomercio.es\/wp-content\/uploads\/2025\/01\/cropped-logo-largo.png\",\"contentUrl\":\"https:\/\/sartecolore.pnerudacomercio.es\/wp-content\/uploads\/2025\/01\/cropped-logo-largo.png\",\"width\":922,\"height\":270,\"caption\":\"Sarte Colore\"},\"image\":{\"@id\":\"https:\/\/sartecolore.pnerudacomercio.es\/#\/schema\/logo\/image\/\"}}]}<\/script>\n<!-- \/ Yoast SEO plugin. -->","yoast_head_json":{"title":"Forro de Raso Ray\u00f3n - Sarte Colore","description":"Forro de raso de ray\u00f3n: tela satinada de alta calidad, suave, ligera y transpirable. Ideal para forrar vestidos, chaquetas, bolsos y m\u00e1s, ofreciendo elegancia y protecci\u00f3n.","robots":{"index":"index","follow":"follow","max-snippet":"max-snippet:-1","max-image-preview":"max-image-preview:large","max-video-preview":"max-video-preview:-1"},"canonical":"https:\/\/sartecolore.pnerudacomercio.es\/?product=forro-raso-rayon-lila","og_locale":"es_ES","og_type":"article","og_title":"Forro de Raso Ray\u00f3n - Sarte Colore","og_description":"Forro de raso de ray\u00f3n: tela satinada de alta calidad, suave, ligera y transpirable. Ideal para forrar vestidos, chaquetas, bolsos y m\u00e1s, ofreciendo elegancia y protecci\u00f3n.","og_url":"https:\/\/sartecolore.pnerudacomercio.es\/?product=forro-raso-rayon-lila","og_site_name":"Sarte Colore","article_modified_time":"2025-02-26T14:54:52+00:00","og_image":[{"width":1024,"height":1024,"url":"https:\/\/sartecolore.pnerudacomercio.es\/wp-content\/uploads\/2025\/01\/Telas-rayon-1-1024x1024.png","type":"image\/png"}],"twitter_card":"summary_large_image","twitter_misc":{"Tiempo de lectura":"2 minutos"},"schema":{"@context":"https:\/\/schema.org","@graph":[{"@type":"WebPage","@id":"https:\/\/sartecolore.pnerudacomercio.es\/?product=forro-raso-rayon-lila","url":"https:\/\/sartecolore.pnerudacomercio.es\/?product=forro-raso-rayon-lila","name":"Forro de Raso Ray\u00f3n - Sarte Colore","isPartOf":{"@id":"https:\/\/sartecolore.pnerudacomercio.es\/#website"},"primaryImageOfPage":{"@id":"https:\/\/sartecolore.pnerudacomercio.es\/?product=forro-raso-rayon-lila#primaryimage"},"image":{"@id":"https:\/\/sartecolore.pnerudacomercio.es\/?product=forro-raso-rayon-lila#primaryimage"},"thumbnailUrl":"https:\/\/sartecolore.pnerudacomercio.es\/wp-content\/uploads\/2025\/01\/Telas-rayon-1.png","datePublished":"2025-01-23T12:23:34+00:00","dateModified":"2025-02-26T14:54:52+00:00","description":"Forro de raso de ray\u00f3n: tela satinada de alta calidad, suave, ligera y transpirable. Ideal para forrar vestidos, chaquetas, bolsos y m\u00e1s, ofreciendo elegancia y protecci\u00f3n.","breadcrumb":{"@id":"https:\/\/sartecolore.pnerudacomercio.es\/?product=forro-raso-rayon-lila#breadcrumb"},"inLanguage":"es","potentialAction":[{"@type":"ReadAction","target":["https:\/\/sartecolore.pnerudacomercio.es\/?product=forro-raso-rayon-lila"]}]},{"@type":"ImageObject","inLanguage":"es","@id":"https:\/\/sartecolore.pnerudacomercio.es\/?product=forro-raso-rayon-lila#primaryimage","url":"https:\/\/sartecolore.pnerudacomercio.es\/wp-content\/uploads\/2025\/01\/Telas-rayon-1.png","contentUrl":"https:\/\/sartecolore.pnerudacomercio.es\/wp-content\/uploads\/2025\/01\/Telas-rayon-1.png","width":1654,"height":1654,"caption":"Telas ray\u00f3n - Sarte Colore"},{"@type":"BreadcrumbList","@id":"https:\/\/sartecolore.pnerudacomercio.es\/?product=forro-raso-rayon-lila#breadcrumb","itemListElement":[{"@type":"ListItem","position":1,"name":"Portada","item":"https:\/\/sartecolore.pnerudacomercio.es\/"},{"@type":"ListItem","position":2,"name":"Shop","item":"https:\/\/sartecolore.pnerudacomercio.es\/?page_id=279"},{"@type":"ListItem","position":3,"name":"Forro de Raso Ray\u00f3n"}]},{"@type":"WebSite","@id":"https:\/\/sartecolore.pnerudacomercio.es\/#website","url":"https:\/\/sartecolore.pnerudacomercio.es\/","name":"Sarte Colore","description":"Tu proyecto = Nuestro proyecto ","publisher":{"@id":"https:\/\/sartecolore.pnerudacomercio.es\/#organization"},"potentialAction":[{"@type":"SearchAction","target":{"@type":"EntryPoint","urlTemplate":"https:\/\/sartecolore.pnerudacomercio.es\/?s={search_term_string}"},"query-input":{"@type":"PropertyValueSpecification","valueRequired":true,"valueName":"search_term_string"}}],"inLanguage":"es"},{"@type":"Organization","@id":"https:\/\/sartecolore.pnerudacomercio.es\/#organization","name":"Sarte Colore","url":"https:\/\/sartecolore.pnerudacomercio.es\/","logo":{"@type":"ImageObject","inLanguage":"es","@id":"https:\/\/sartecolore.pnerudacomercio.es\/#\/schema\/logo\/image\/","url":"https:\/\/sartecolore.pnerudacomercio.es\/wp-content\/uploads\/2025\/01\/cropped-logo-largo.png","contentUrl":"https:\/\/sartecolore.pnerudacomercio.es\/wp-content\/uploads\/2025\/01\/cropped-logo-largo.png","width":922,"height":270,"caption":"Sarte Colore"},"image":{"@id":"https:\/\/sartecolore.pnerudacomercio.es\/#\/schema\/logo\/image\/"}}]}},"_links":{"self":[{"href":"https:\/\/sartecolore.pnerudacomercio.es\/index.php?rest_route=\/wp\/v2\/product\/403","targetHints":{"allow":["GET"]}}],"collection":[{"href":"https:\/\/sartecolore.pnerudacomercio.es\/index.php?rest_route=\/wp\/v2\/product"}],"about":[{"href":"https:\/\/sartecolore.pnerudacomercio.es\/index.php?rest_route=\/wp\/v2\/types\/product"}],"replies":[{"embeddable":true,"href":"https:\/\/sartecolore.pnerudacomercio.es\/index.php?rest_route=%2Fwp%2Fv2%2Fcomments&post=403"}],"wp:featuredmedia":[{"embeddable":true,"href":"https:\/\/sartecolore.pnerudacomercio.es\/index.php?rest_route=\/wp\/v2\/media\/477"}],"wp:attachment":[{"href":"https:\/\/sartecolore.pnerudacomercio.es\/index.php?rest_route=%2Fwp%2Fv2%2Fmedia&parent=403"}],"wp:term":[{"taxonomy":"product_cat","embeddable":true,"href":"https:\/\/sartecolore.pnerudacomercio.es\/index.php?rest_route=%2Fwp%2Fv2%2Fproduct_cat&post=403"},{"taxonomy":"product_tag","embeddable":true,"href":"https:\/\/sartecolore.pnerudacomercio.es\/index.php?rest_route=%2Fwp%2Fv2%2Fproduct_tag&post=403"}],"curies":[{"name":"wp","href":"https:\/\/api.w.org\/{rel}","templated":true}]}}